{"id":18438,"date":"2023-03-03T13:03:40","date_gmt":"2023-03-03T11:03:40","guid":{"rendered":"https:\/\/www.pepetavilaro.cat\/?page_id=18438"},"modified":"2024-10-03T11:09:20","modified_gmt":"2024-10-03T09:09:20","slug":"donde-llegamos","status":"publish","type":"page","link":"https:\/\/www.pepetavilaro.cat\/es\/menus-a-domicilio\/donde-llegamos\/","title":{"rendered":"DONDE LLEGAMOS"},"content":{"rendered":"<div class=\"wpb-content-wrapper\"><p>[vc_row css_animation=\u00bb\u00bb row_type=\u00bbrow\u00bb use_row_as_full_screen_section=\u00bbno\u00bb type=\u00bbgrid\u00bb angled_section=\u00bbno\u00bb text_align=\u00bbleft\u00bb background_image_as_pattern=\u00bbwithout_pattern\u00bb z_index=\u00bb\u00bb padding_top=\u00bb20&#8243;][vc_column][vc_column_text]<\/p>\n<p style=\"font-size: 12px; text-align: right;\"><a href=\"\/es\/\">INICIO<\/a> &gt; <a href=\"\/es\/menus-a-domicilio\/\">NUESTRO SERVICIO<\/a> &gt; DONDE LLEGAMOS<\/p>\n<p>[\/vc_column_text][\/vc_column][\/vc_row][vc_row css_animation=\u00bb\u00bb row_type=\u00bbrow\u00bb use_row_as_full_screen_section=\u00bbno\u00bb type=\u00bbgrid\u00bb angled_section=\u00bbno\u00bb text_align=\u00bbleft\u00bb background_image_as_pattern=\u00bbwithout_pattern\u00bb background_color=\u00bb#ffffff\u00bb padding_top=\u00bb75&#8243; padding_bottom=\u00bb150&#8243; z_index=\u00bb\u00bb anchor=\u00bbcontingut\u00bb][vc_column][vc_column_text]<\/p>\n<h1 style=\"text-align: left;\">DONDE LLEGAMOS<\/h1>\n<p>[\/vc_column_text][vc_separator type=\u00bbsmall\u00bb position=\u00bbleft\u00bb up=\u00bb14&#8243; down=\u00bb12&#8243; color=\u00bb#000000&#8243; transparency=\u00bb1&#8243;][vc_column_text]<b>Ofrecemos nuestros men\u00fas adaptados a domicilio a personas mayores y, por el momento, llegamos a todas estas comarcas de Catalu\u00f1a. Pulsa en una comarca en el listado de la derecha para ver el detalle de las poblaciones a las que llegamos actualmente.<\/b>[\/vc_column_text][vc_empty_space height=\u00bb75&#8243;][vc_row_inner row_type=\u00bbrow\u00bb type=\u00bbfull_width\u00bb text_align=\u00bbleft\u00bb css_animation=\u00bb\u00bb][vc_column_inner width=\u00bb1\/2&#8243; css=\u00bb.vc_custom_1671100802206{padding-right: 10% !important;}\u00bb][vc_empty_space height=\u00bb25&#8243;][vc_single_image image=\u00bb18421&#8243; img_size=\u00bbfull\u00bb qode_css_animation=\u00bb\u00bb][\/vc_column_inner][vc_column_inner width=\u00bb1\/2&#8243;]<div class=\"qode-accordion-holder clearfix qode-toggle qode-initial \">\n\t<h2 class=\"clearfix qode-title-holder\">\n<span class=\"qode-tab-title\">\n\t    <span class=\"qode-tab-title-inner\">\n        Bages    <\/span>\n<\/span>\n<span class=\"qode-accordion-mark\">\n    <span class=\"qode-accordion-mark-icon\">\n        <span class=\"icon_plus\"><\/span>\n        <span class=\"icon_minus-06\"><\/span>\n    <\/span>\n<\/span>\n<\/h2>\n<div  class=\"qode-accordion-content \" >\n    <div class=\"qode-accordion-content-inner\">\n        [vc_column_text]Art\u00e9s<\/p>\n<p>Aviny\u00f3<\/p>\n<p>Castellgal\u00ed<\/p>\n<p>Manresa<\/p>\n<p>Navarcles<\/p>\n<p>El Pont de Vilomara i Rocafort<\/p>\n<p>Sant Fruit\u00f3s de Bages<\/p>\n<p>Sant Joan de Vilatorrada<\/p>\n<p>Sant Vicen\u00e7 de Castellet<\/p>\n<p>Santpedor[\/vc_column_text]    <\/div>\n<\/div><h2 class=\"clearfix qode-title-holder\">\n<span class=\"qode-tab-title\">\n\t    <span class=\"qode-tab-title-inner\">\n        Maresme    <\/span>\n<\/span>\n<span class=\"qode-accordion-mark\">\n    <span class=\"qode-accordion-mark-icon\">\n        <span class=\"icon_plus\"><\/span>\n        <span class=\"icon_minus-06\"><\/span>\n    <\/span>\n<\/span>\n<\/h2>\n<div  class=\"qode-accordion-content \" >\n    <div class=\"qode-accordion-content-inner\">\n        [vc_column_text]Argentona<\/p>\n<p>Dosrius<\/p>\n<p>Matar\u00f3[\/vc_column_text]    <\/div>\n<\/div><h2 class=\"clearfix qode-title-holder\">\n<span class=\"qode-tab-title\">\n\t    <span class=\"qode-tab-title-inner\">\n        Moian\u00e8s    <\/span>\n<\/span>\n<span class=\"qode-accordion-mark\">\n    <span class=\"qode-accordion-mark-icon\">\n        <span class=\"icon_plus\"><\/span>\n        <span class=\"icon_minus-06\"><\/span>\n    <\/span>\n<\/span>\n<\/h2>\n<div  class=\"qode-accordion-content \" >\n    <div class=\"qode-accordion-content-inner\">\n        [vc_column_text]Calders<\/p>\n<p>Moi\u00e0<\/p>\n<p>Montv\u00ed de Baix<\/p>\n<p>Monistrol de Calders<\/p>\n<p>Santa Maria d&#8217;Ol\u00f3[\/vc_column_text]    <\/div>\n<\/div><h2 class=\"clearfix qode-title-holder\">\n<span class=\"qode-tab-title\">\n\t    <span class=\"qode-tab-title-inner\">\n        Osona    <\/span>\n<\/span>\n<span class=\"qode-accordion-mark\">\n    <span class=\"qode-accordion-mark-icon\">\n        <span class=\"icon_plus\"><\/span>\n        <span class=\"icon_minus-06\"><\/span>\n    <\/span>\n<\/span>\n<\/h2>\n<div  class=\"qode-accordion-content \" >\n    <div class=\"qode-accordion-content-inner\">\n        [vc_column_text]Calldetenes<\/p>\n<p>Centelles<\/p>\n<p>Els Hostalets de Baleny\u00e0<\/p>\n<p>Folgueroles<\/p>\n<p>Gurb<\/p>\n<p>Malla<\/p>\n<p>Manlleu<\/p>\n<p>Les Masies de Roda<\/p>\n<p>Les Masies de Voltreg\u00e0<\/p>\n<p>Roda de Ter<\/p>\n<p>Sant Hip\u00f2lit de Voltreg\u00e0<\/p>\n<p>Sant Juli\u00e0 de Vilatorta<\/p>\n<p>Sant Mart\u00ed de Centelles<\/p>\n<p>Sant Miquel de Baleny\u00e0<\/p>\n<p>Santa Eug\u00e8nia de Berga<\/p>\n<p>Santa Eul\u00e0lia de Riuprimer<\/p>\n<p>Seva<\/p>\n<p>Taradell<\/p>\n<p>Tona<\/p>\n<p>Torell\u00f3<\/p>\n<p>Vic[\/vc_column_text]    <\/div>\n<\/div><h2 class=\"clearfix qode-title-holder\">\n<span class=\"qode-tab-title\">\n\t    <span class=\"qode-tab-title-inner\">\n        Vall\u00e8s Oriental    <\/span>\n<\/span>\n<span class=\"qode-accordion-mark\">\n    <span class=\"qode-accordion-mark-icon\">\n        <span class=\"icon_plus\"><\/span>\n        <span class=\"icon_minus-06\"><\/span>\n    <\/span>\n<\/span>\n<\/h2>\n<div  class=\"qode-accordion-content \" >\n    <div class=\"qode-accordion-content-inner\">\n        [vc_column_text]L&#8217;Ametlla del Vall\u00e8s<\/p>\n<p>Canovelles<\/p>\n<p>Cardadeu<\/p>\n<p>Les Franqueses del Vall\u00e8s<\/p>\n<p>La Garriga<\/p>\n<p>Granollers<\/p>\n<p>Lli\u00e7\u00e0 d&#8217;Amunt<\/p>\n<p>Lli\u00e7\u00e0 de Vall<\/p>\n<p>Montmel\u00f3<\/p>\n<p>Montorn\u00e8s del Vall\u00e8s<\/p>\n<p>La Roca del Vall\u00e8s[\/vc_column_text]    <\/div>\n<\/div><\/div>[vc_empty_space height=\u00bb50&#8243;][vc_column_text]Si tu poblaci\u00f3n no sale el listado, \u00a1no pasa nada! \u00a1Puede que ya lleguemos y no lo hayamos actualizado! Ponte en contacto con nosotros y te confirmaremos si el servicio de Pepeta Vilar\u00f3 ya est\u00e1 disponible en tu pueblo.[\/vc_column_text][vc_empty_space height=\u00bb25&#8243;]<a  itemprop=\"url\" href=\"\/es\/contacto\" target=\"_self\"  class=\"qbutton  default\" style=\"\">\u00a1CONTACTANOS!<\/a>[\/vc_column_inner][\/vc_row_inner][\/vc_column][\/vc_row][vc_row css_animation=\u00bb\u00bb row_type=\u00bbrow\u00bb use_row_as_full_screen_section=\u00bbno\u00bb type=\u00bbgrid\u00bb angled_section=\u00bbno\u00bb text_align=\u00bbleft\u00bb background_image_as_pattern=\u00bbwithout_pattern\u00bb z_index=\u00bb\u00bb padding_top=\u00bb50&#8243; css=\u00bb.vc_custom_1669315138987{margin-bottom: -100px !important;background-color: #ffffff !important;}\u00bb][vc_column offset=\u00bbvc_hidden-sm vc_hidden-xs\u00bb][vc_row_inner row_type=\u00bbrow\u00bb type=\u00bbfull_width\u00bb text_align=\u00bbright\u00bb css_animation=\u00bb\u00bb css=\u00bb.vc_custom_1676654399852{margin-right: 4px !important;margin-left: 4px !important;padding-top: 50px !important;padding-right: 75px !important;padding-bottom: 50px !important;padding-left: 75px !important;background-color: #2c7781 !important;}\u00bb][vc_column_inner width=\u00bb2\/3&#8243;][vc_column_text]<\/p>\n<p style=\"text-align: left; font-size: 24px; color: #ffffff; font-weight: 600; line-height: 1.5;\">\u00a1Descubre lo f\u00e1cil que es recibir tus men\u00fas semanales con PEPETA VILAR\u00d3, listos para calentar, comer y disfrutar!<\/p>\n<p>[\/vc_column_text][\/vc_column_inner][vc_column_inner width=\u00bb1\/3&#8243;][vc_empty_space height=\u00bb10&#8243;]<a  itemprop=\"url\" href=\"\/es\/contacto\" target=\"_blank\" data-hover-background-color=\"#ffffff\" data-hover-border-color=\"#2c7781\" data-hover-color=\"#2c7781\" class=\"qbutton  big_large default\" style=\"color: #ffffff; border-color: #ffffff; background-color:#2c7781;\">\u00a1ME INTERESA!<\/a>[\/vc_column_inner][\/vc_row_inner][\/vc_column][\/vc_row][vc_row css_animation=\u00bb\u00bb row_type=\u00bbrow\u00bb use_row_as_full_screen_section=\u00bbno\u00bb type=\u00bbgrid\u00bb angled_section=\u00bbno\u00bb text_align=\u00bbcenter\u00bb background_image_as_pattern=\u00bbwithout_pattern\u00bb z_index=\u00bb\u00bb padding_top=\u00bb50&#8243; css=\u00bb.vc_custom_1674831971382{margin-bottom: -100px !important;background-color: #ffffff !important;}\u00bb][vc_column offset=\u00bbvc_hidden-lg vc_hidden-md\u00bb][vc_row_inner row_type=\u00bbrow\u00bb type=\u00bbfull_width\u00bb text_align=\u00bbcenter\u00bb css_animation=\u00bb\u00bb css=\u00bb.vc_custom_1676654417892{margin-right: 4px !important;margin-left: 4px !important;padding-top: 25px !important;padding-right: 25px !important;padding-bottom: 25px !important;padding-left: 25px !important;background-color: #2c7781 !important;}\u00bb][vc_column_inner width=\u00bb2\/3&#8243;][vc_column_text]<\/p>\n<p style=\"font-size: 16px; color: #ffffff; font-weight: 600; line-height: 1.5; text-align: center;\">\u00a1Descubre lo f\u00e1cil que es recibir tus men\u00fas semanales con PEPETA VILAR\u00d3, listos para calentar, comer y disfrutar!<\/p>\n<p>[\/vc_column_text][\/vc_column_inner][vc_column_inner width=\u00bb1\/3&#8243;][vc_empty_space height=\u00bb25&#8243;]<a  itemprop=\"url\" href=\"\/es\/contacto\" target=\"_blank\" data-hover-background-color=\"#ffffff\" data-hover-border-color=\"#2c7781\" data-hover-color=\"#2c7781\" class=\"qbutton  default\" style=\"color: #ffffff; border-color: #ffffff; background-color:#2c7781;\">\u00a1ME INTERESA!<\/a>[\/vc_column_inner][\/vc_row_inner][\/vc_column][\/vc_row][vc_row css_animation=\u00bb\u00bb row_type=\u00bbrow\u00bb use_row_as_full_screen_section=\u00bbno\u00bb type=\u00bbfull_width\u00bb angled_section=\u00bbno\u00bb text_align=\u00bbleft\u00bb background_image_as_pattern=\u00bbwithout_pattern\u00bb css=\u00bb.vc_custom_1727946555704{background-image: url(https:\/\/www.pepetavilaro.cat\/wp-content\/uploads\/2024\/10\/pepeta-vilaro-franja-separadora-fruites-logo.jpg?id=18793) !important;}\u00bb z_index=\u00bb\u00bb padding_top=\u00bb160&#8243; padding_bottom=\u00bb160&#8243;][vc_column][\/vc_column][\/vc_row]<\/p>\n<\/div>","protected":false},"excerpt":{"rendered":"<p>[vc_row css_animation=\u00bb\u00bb row_type=\u00bbrow\u00bb use_row_as_full_screen_section=\u00bbno\u00bb type=\u00bbgrid\u00bb angled_section=\u00bbno\u00bb text_align=\u00bbleft\u00bb background_image_as_pattern=\u00bbwithout_pattern\u00bb z_index=\u00bb\u00bb padding_top=\u00bb20&#8243;][vc_column][vc_column_text] INICIO &gt; NUESTRO SERVICIO &gt; DONDE LLEGAMOS [\/vc_column_text][\/vc_column][\/vc_row][vc_row css_animation=\u00bb\u00bb row_type=\u00bbrow\u00bb use_row_as_full_screen_section=\u00bbno\u00bb type=\u00bbgrid\u00bb angled_section=\u00bbno\u00bb text_align=\u00bbleft\u00bb background_image_as_pattern=\u00bbwithout_pattern\u00bb background_color=\u00bb#ffffff\u00bb padding_top=\u00bb75&#8243; padding_bottom=\u00bb150&#8243; z_index=\u00bb\u00bb anchor=\u00bbcontingut\u00bb][vc_column][vc_column_text] DONDE LLEGAMOS [\/vc_column_text][vc_separator type=\u00bbsmall\u00bb position=\u00bbleft\u00bb up=\u00bb14&#8243; down=\u00bb12&#8243; color=\u00bb#000000&#8243; transparency=\u00bb1&#8243;][vc_column_text]Ofrecemos nuestros men\u00fas adaptados a domicilio a&hellip; <a class=\"continue\" href=\"https:\/\/www.pepetavilaro.cat\/es\/menus-a-domicilio\/donde-llegamos\/\">CONTINUAR >><span> DONDE LLEGAMOS<\/span><\/a><\/p>\n","protected":false},"author":1,"featured_media":0,"parent":18138,"menu_order":0,"comment_status":"open","ping_status":"open","template":"full_width.php","meta":{"_joinchat":[],"footnotes":""},"class_list":["post-18438","page","type-page","status-publish","hentry"],"yoast_head":"<!-- This site is optimized with the Yoast SEO plugin v27.5 - https:\/\/yoast.com\/product\/yoast-seo-wordpress\/ -->\n<title>Comida terap\u00e9utica a domicilio en la provincia de Barcelona | Pepeta Vilar\u00f3<\/title>\n<meta name=\"description\" content=\"Ofrecemos nuestros men\u00fas adaptados a domicilio a personas mayores y, por el momento, llegamos a todas estas comarcas de Catalu\u00f1a. Pulsa en una comarca en el listado de la derecha para ver el detalle de las poblaciones a las que llegamos actualmente.\" \/>\n<meta name=\"robots\" content=\"index, follow, max-snippet:-1, max-image-preview:large, max-video-preview:-1\" \/>\n<link rel=\"canonical\" href=\"https:\/\/www.pepetavilaro.cat\/es\/menus-a-domicilio\/donde-llegamos\/\" \/>\n<meta property=\"og:locale\" content=\"es_ES\" \/>\n<meta property=\"og:type\" content=\"article\" \/>\n<meta property=\"og:title\" content=\"Comida terap\u00e9utica a domicilio en la provincia de Barcelona | Pepeta Vilar\u00f3\" \/>\n<meta property=\"og:description\" content=\"Ofrecemos nuestros men\u00fas adaptados a domicilio a personas mayores y, por el momento, llegamos a todas estas comarcas de Catalu\u00f1a. Pulsa en una comarca en el listado de la derecha para ver el detalle de las poblaciones a las que llegamos actualmente.\" \/>\n<meta property=\"og:url\" content=\"https:\/\/www.pepetavilaro.cat\/es\/menus-a-domicilio\/donde-llegamos\/\" \/>\n<meta property=\"og:site_name\" content=\"PEPETA VILAR\u00d3\" \/>\n<meta property=\"article:modified_time\" content=\"2024-10-03T09:09:20+00:00\" \/>\n<meta name=\"twitter:card\" content=\"summary_large_image\" \/>\n<meta name=\"twitter:label1\" content=\"Tiempo de lectura\" \/>\n\t<meta name=\"twitter:data1\" content=\"3 minutos\" \/>\n<script type=\"application\/ld+json\" class=\"yoast-schema-graph\">{\"@context\":\"https:\\\/\\\/schema.org\",\"@graph\":[{\"@type\":\"WebPage\",\"@id\":\"https:\\\/\\\/www.pepetavilaro.cat\\\/es\\\/menus-a-domicilio\\\/donde-llegamos\\\/\",\"url\":\"https:\\\/\\\/www.pepetavilaro.cat\\\/es\\\/menus-a-domicilio\\\/donde-llegamos\\\/\",\"name\":\"Comida terap\u00e9utica a domicilio en la provincia de Barcelona | Pepeta Vilar\u00f3\",\"isPartOf\":{\"@id\":\"https:\\\/\\\/www.pepetavilaro.cat\\\/#website\"},\"datePublished\":\"2023-03-03T11:03:40+00:00\",\"dateModified\":\"2024-10-03T09:09:20+00:00\",\"description\":\"Ofrecemos nuestros men\u00fas adaptados a domicilio a personas mayores y, por el momento, llegamos a todas estas comarcas de Catalu\u00f1a. Pulsa en una comarca en el listado de la derecha para ver el detalle de las poblaciones a las que llegamos actualmente.\",\"breadcrumb\":{\"@id\":\"https:\\\/\\\/www.pepetavilaro.cat\\\/es\\\/menus-a-domicilio\\\/donde-llegamos\\\/#breadcrumb\"},\"inLanguage\":\"es\",\"potentialAction\":[{\"@type\":\"ReadAction\",\"target\":[\"https:\\\/\\\/www.pepetavilaro.cat\\\/es\\\/menus-a-domicilio\\\/donde-llegamos\\\/\"]}]},{\"@type\":\"BreadcrumbList\",\"@id\":\"https:\\\/\\\/www.pepetavilaro.cat\\\/es\\\/menus-a-domicilio\\\/donde-llegamos\\\/#breadcrumb\",\"itemListElement\":[{\"@type\":\"ListItem\",\"position\":1,\"name\":\"Inici\",\"item\":\"https:\\\/\\\/www.pepetavilaro.cat\\\/es\\\/\"},{\"@type\":\"ListItem\",\"position\":2,\"name\":\"NUESTRO SERVICIO\",\"item\":\"https:\\\/\\\/www.pepetavilaro.cat\\\/es\\\/menus-a-domicilio\\\/\"},{\"@type\":\"ListItem\",\"position\":3,\"name\":\"DONDE LLEGAMOS\"}]},{\"@type\":\"WebSite\",\"@id\":\"https:\\\/\\\/www.pepetavilaro.cat\\\/#website\",\"url\":\"https:\\\/\\\/www.pepetavilaro.cat\\\/\",\"name\":\"PEPETA VILAR\u00d3\",\"description\":\"Men\u00fas adaptats a domicili\",\"publisher\":{\"@id\":\"https:\\\/\\\/www.pepetavilaro.cat\\\/#organization\"},\"potentialAction\":[{\"@type\":\"SearchAction\",\"target\":{\"@type\":\"EntryPoint\",\"urlTemplate\":\"https:\\\/\\\/www.pepetavilaro.cat\\\/?s={search_term_string}\"},\"query-input\":{\"@type\":\"PropertyValueSpecification\",\"valueRequired\":true,\"valueName\":\"search_term_string\"}}],\"inLanguage\":\"es\"},{\"@type\":\"Organization\",\"@id\":\"https:\\\/\\\/www.pepetavilaro.cat\\\/#organization\",\"name\":\"PEPETA VILAR\u00d3\",\"url\":\"https:\\\/\\\/www.pepetavilaro.cat\\\/\",\"logo\":{\"@type\":\"ImageObject\",\"inLanguage\":\"es\",\"@id\":\"https:\\\/\\\/www.pepetavilaro.cat\\\/#\\\/schema\\\/logo\\\/image\\\/\",\"url\":\"https:\\\/\\\/www.pepetavilaro.cat\\\/wp-content\\\/uploads\\\/2022\\\/12\\\/pepeta-vilaro-logo-petit.png\",\"contentUrl\":\"https:\\\/\\\/www.pepetavilaro.cat\\\/wp-content\\\/uploads\\\/2022\\\/12\\\/pepeta-vilaro-logo-petit.png\",\"width\":150,\"height\":150,\"caption\":\"PEPETA VILAR\u00d3\"},\"image\":{\"@id\":\"https:\\\/\\\/www.pepetavilaro.cat\\\/#\\\/schema\\\/logo\\\/image\\\/\"}}]}<\/script>\n<!-- \/ Yoast SEO plugin. -->","yoast_head_json":{"title":"Comida terap\u00e9utica a domicilio en la provincia de Barcelona | Pepeta Vilar\u00f3","description":"Ofrecemos nuestros men\u00fas adaptados a domicilio a personas mayores y, por el momento, llegamos a todas estas comarcas de Catalu\u00f1a. Pulsa en una comarca en el listado de la derecha para ver el detalle de las poblaciones a las que llegamos actualmente.","robots":{"index":"index","follow":"follow","max-snippet":"max-snippet:-1","max-image-preview":"max-image-preview:large","max-video-preview":"max-video-preview:-1"},"canonical":"https:\/\/www.pepetavilaro.cat\/es\/menus-a-domicilio\/donde-llegamos\/","og_locale":"es_ES","og_type":"article","og_title":"Comida terap\u00e9utica a domicilio en la provincia de Barcelona | Pepeta Vilar\u00f3","og_description":"Ofrecemos nuestros men\u00fas adaptados a domicilio a personas mayores y, por el momento, llegamos a todas estas comarcas de Catalu\u00f1a. Pulsa en una comarca en el listado de la derecha para ver el detalle de las poblaciones a las que llegamos actualmente.","og_url":"https:\/\/www.pepetavilaro.cat\/es\/menus-a-domicilio\/donde-llegamos\/","og_site_name":"PEPETA VILAR\u00d3","article_modified_time":"2024-10-03T09:09:20+00:00","twitter_card":"summary_large_image","twitter_misc":{"Tiempo de lectura":"3 minutos"},"schema":{"@context":"https:\/\/schema.org","@graph":[{"@type":"WebPage","@id":"https:\/\/www.pepetavilaro.cat\/es\/menus-a-domicilio\/donde-llegamos\/","url":"https:\/\/www.pepetavilaro.cat\/es\/menus-a-domicilio\/donde-llegamos\/","name":"Comida terap\u00e9utica a domicilio en la provincia de Barcelona | Pepeta Vilar\u00f3","isPartOf":{"@id":"https:\/\/www.pepetavilaro.cat\/#website"},"datePublished":"2023-03-03T11:03:40+00:00","dateModified":"2024-10-03T09:09:20+00:00","description":"Ofrecemos nuestros men\u00fas adaptados a domicilio a personas mayores y, por el momento, llegamos a todas estas comarcas de Catalu\u00f1a. Pulsa en una comarca en el listado de la derecha para ver el detalle de las poblaciones a las que llegamos actualmente.","breadcrumb":{"@id":"https:\/\/www.pepetavilaro.cat\/es\/menus-a-domicilio\/donde-llegamos\/#breadcrumb"},"inLanguage":"es","potentialAction":[{"@type":"ReadAction","target":["https:\/\/www.pepetavilaro.cat\/es\/menus-a-domicilio\/donde-llegamos\/"]}]},{"@type":"BreadcrumbList","@id":"https:\/\/www.pepetavilaro.cat\/es\/menus-a-domicilio\/donde-llegamos\/#breadcrumb","itemListElement":[{"@type":"ListItem","position":1,"name":"Inici","item":"https:\/\/www.pepetavilaro.cat\/es\/"},{"@type":"ListItem","position":2,"name":"NUESTRO SERVICIO","item":"https:\/\/www.pepetavilaro.cat\/es\/menus-a-domicilio\/"},{"@type":"ListItem","position":3,"name":"DONDE LLEGAMOS"}]},{"@type":"WebSite","@id":"https:\/\/www.pepetavilaro.cat\/#website","url":"https:\/\/www.pepetavilaro.cat\/","name":"PEPETA VILAR\u00d3","description":"Men\u00fas adaptats a domicili","publisher":{"@id":"https:\/\/www.pepetavilaro.cat\/#organization"},"potentialAction":[{"@type":"SearchAction","target":{"@type":"EntryPoint","urlTemplate":"https:\/\/www.pepetavilaro.cat\/?s={search_term_string}"},"query-input":{"@type":"PropertyValueSpecification","valueRequired":true,"valueName":"search_term_string"}}],"inLanguage":"es"},{"@type":"Organization","@id":"https:\/\/www.pepetavilaro.cat\/#organization","name":"PEPETA VILAR\u00d3","url":"https:\/\/www.pepetavilaro.cat\/","logo":{"@type":"ImageObject","inLanguage":"es","@id":"https:\/\/www.pepetavilaro.cat\/#\/schema\/logo\/image\/","url":"https:\/\/www.pepetavilaro.cat\/wp-content\/uploads\/2022\/12\/pepeta-vilaro-logo-petit.png","contentUrl":"https:\/\/www.pepetavilaro.cat\/wp-content\/uploads\/2022\/12\/pepeta-vilaro-logo-petit.png","width":150,"height":150,"caption":"PEPETA VILAR\u00d3"},"image":{"@id":"https:\/\/www.pepetavilaro.cat\/#\/schema\/logo\/image\/"}}]}},"_links":{"self":[{"href":"https:\/\/www.pepetavilaro.cat\/es\/wp-json\/wp\/v2\/pages\/18438","targetHints":{"allow":["GET"]}}],"collection":[{"href":"https:\/\/www.pepetavilaro.cat\/es\/wp-json\/wp\/v2\/pages"}],"about":[{"href":"https:\/\/www.pepetavilaro.cat\/es\/wp-json\/wp\/v2\/types\/page"}],"author":[{"embeddable":true,"href":"https:\/\/www.pepetavilaro.cat\/es\/wp-json\/wp\/v2\/users\/1"}],"replies":[{"embeddable":true,"href":"https:\/\/www.pepetavilaro.cat\/es\/wp-json\/wp\/v2\/comments?post=18438"}],"version-history":[{"count":3,"href":"https:\/\/www.pepetavilaro.cat\/es\/wp-json\/wp\/v2\/pages\/18438\/revisions"}],"predecessor-version":[{"id":18814,"href":"https:\/\/www.pepetavilaro.cat\/es\/wp-json\/wp\/v2\/pages\/18438\/revisions\/18814"}],"up":[{"embeddable":true,"href":"https:\/\/www.pepetavilaro.cat\/es\/wp-json\/wp\/v2\/pages\/18138"}],"wp:attachment":[{"href":"https:\/\/www.pepetavilaro.cat\/es\/wp-json\/wp\/v2\/media?parent=18438"}],"curies":[{"name":"wp","href":"https:\/\/api.w.org\/{rel}","templated":true}]}}