{"id":18215,"date":"2022-11-22T13:51:53","date_gmt":"2022-11-22T11:51:53","guid":{"rendered":"https:\/\/www.pepetavilaro.cat\/?page_id=18215"},"modified":"2024-10-03T11:07:33","modified_gmt":"2024-10-03T09:07:33","slug":"politica-de-privacidad","status":"publish","type":"page","link":"https:\/\/www.pepetavilaro.cat\/es\/inicio\/politica-de-privacidad\/","title":{"rendered":"POL\u00cdTICA DE PRIVACIDAD"},"content":{"rendered":"<div class=\"wpb-content-wrapper\"><p>[vc_row css_animation=\u00bb\u00bb row_type=\u00bbrow\u00bb use_row_as_full_screen_section=\u00bbno\u00bb type=\u00bbgrid\u00bb angled_section=\u00bbno\u00bb text_align=\u00bbleft\u00bb background_image_as_pattern=\u00bbwithout_pattern\u00bb z_index=\u00bb\u00bb padding_top=\u00bb20&#8243;][vc_column][vc_column_text]<\/p>\n<p style=\"font-size: 12px; text-align: right;\"><a href=\"\/es\/\">INICIO<\/a> &gt; POL\u00cdTICA DE PRIVACIDAD<\/p>\n<p>[\/vc_column_text][\/vc_column][\/vc_row][vc_row css_animation=\u00bb\u00bb row_type=\u00bbrow\u00bb use_row_as_full_screen_section=\u00bbno\u00bb type=\u00bbgrid\u00bb angled_section=\u00bbno\u00bb text_align=\u00bbleft\u00bb background_image_as_pattern=\u00bbwithout_pattern\u00bb background_color=\u00bb#ffffff\u00bb padding_top=\u00bb75&#8243; padding_bottom=\u00bb75&#8243; z_index=\u00bb\u00bb css=\u00bb.vc_custom_1676541997568{background-color: #ffffff !important;}\u00bb anchor=\u00bbcontingut\u00bb][vc_column][vc_column_text]<\/p>\n<h1 style=\"text-align: left;\">POL\u00cdTICA DE PRIVACIDAD<\/h1>\n<p>[\/vc_column_text][vc_separator type=\u00bbsmall\u00bb position=\u00bbleft\u00bb up=\u00bb15&#8243; down=\u00bb15&#8243; color=\u00bbb5cd39&#8243; transparency=\u00bb1&#8243; thickness=\u00bb2&#8243;][vc_empty_space height=\u00bb50&#8243;][vc_column_text]<\/p>\n<h2>1.Responsable<\/h2>\n<p>[vc_separator type=\u00bbsmall\u00bb position=\u00bbleft\u00bb up=\u00bb15&#8243; down=\u00bb15&#8243; color=\u00bbb5cd39&#8243; transparency=\u00bb1&#8243; thickness=\u00bb2&#8243;]<\/p>\n<ul>\n<li style=\"list-style-type: none;\">\n<ul>\n<li style=\"list-style-type: none;\">\n<ul>\n<li>Pepeta Vilar\u00f3, SL &#8211; CIF B67120535<\/li>\n<li>Direcci\u00f3n de contacto: calle Major 16 08551-Tona (Barcelona)<\/li>\n<li>Correo electr\u00f3nico: info@pepetavilaro.cat<\/li>\n<li>Tel\u00e9fono de contacto: 931317181<\/li>\n<li>P\u00e1gina web: www.pepetavilaro.ca<\/li>\n<\/ul>\n<\/li>\n<\/ul>\n<\/li>\n<\/ul>\n<p>&nbsp;<\/p>\n<h2>2.Procedencia, Finalidad y Destinatarios<\/h2>\n<p>[vc_separator type=\u00bbsmall\u00bb position=\u00bbleft\u00bb up=\u00bb15&#8243; down=\u00bb15&#8243; color=\u00bbb5cd39&#8243; transparency=\u00bb1&#8243; thickness=\u00bb2&#8243;]<\/p>\n<p>Deber\u00e1n rellenarse todos los datos solicitados en el formulario de contacto.<\/p>\n<p>&nbsp;<\/p>\n<ul>\n<li style=\"list-style-type: none;\">\n<ul>\n<li style=\"list-style-type: none;\">\n<ul>\n<li><strong>Datos personales de solicitante.<\/strong> Los datos personales son proporcionados directamente por los propios interesados con el fin de gestionar la solicitud de informaci\u00f3n. Podemos recoger datos personales identificativos y de contacto. Por \u00faltimo, se enviar\u00e1 informaci\u00f3n por medios electr\u00f3nicos sobre las futuras actividades que lleve a cabo la entidad a aquellos interesados que, debidamente informados durante la recogida de datos no se opongan.<\/li>\n<li><strong>Solicitantes de informaci\u00f3n.<\/strong> Los datos personales proceden del propio interesado que nos los proporciona al completar el formulario de contacto en la p\u00e1gina web, al llamarnos por tel\u00e9fono, al enviarnos un correo electr\u00f3nico o mediante consultas a las redes sociales en las que tiene presencia la entidad. Estos datos se utilizan con el fin de resolver las consultas y proporcionar informaci\u00f3n de car\u00e1cter comercial a aquellos que lo soliciten o lo autoricen expresamente, principalmente a trav\u00e9s del correo electr\u00f3nico.<\/li>\n<\/ul>\n<\/li>\n<\/ul>\n<\/li>\n<\/ul>\n<p>&nbsp;<\/p>\n<h2>3.Legitimaci\u00f3n y conservaci\u00f3n<\/h2>\n<p>[vc_separator type=\u00bbsmall\u00bb position=\u00bbleft\u00bb up=\u00bb15&#8243; down=\u00bb15&#8243; color=\u00bbb5cd39&#8243; transparency=\u00bb1&#8243; thickness=\u00bb2&#8243;]<\/p>\n<p>Legitimaci\u00f3n: En primer lugar, podemos tratar los datos para que los propios interesados o sus responsables nos los proporcionen para gestionar su registro como usuario en la web. Tambi\u00e9n se ha pedido permiso a estas personas para el tratamiento de sus datos, para los casos en que la legislaci\u00f3n vigente as\u00ed nos lo exige, principalmente en relaci\u00f3n al env\u00edo de correos electr\u00f3nicos comerciales. Por \u00faltimo, en ocasiones alguna ley nos pedir\u00e1 que presentemos o conservemos determinada documentaci\u00f3n en la que pueden aparecen datos personales de nuestros clientes como puede ser la Ley General Tributaria, por lo que deberemos tratar estos datos en su cumplimiento.<\/p>\n<p>&nbsp;<\/p>\n<p>Conservaci\u00f3n: Una vez que los datos no sean necesarios para los fines con los que fueron recogidos, deben conservarse a disposici\u00f3n de las administraciones p\u00fablicas competentes, jueces y tribunales durante los plazos legales de conservaci\u00f3n, es decir mientras una ley nos pueda exigir que los presentemos. Expirados estos plazos se mantendr\u00e1n bloqueados hasta que sea posible su posterior destrucci\u00f3n o supresi\u00f3n.<\/p>\n<p>&nbsp;<\/p>\n<h2>4.Destinatarios de fuera de la Uni\u00f3n Europea<\/h2>\n<p>[vc_separator type=\u00bbsmall\u00bb position=\u00bbleft\u00bb up=\u00bb15&#8243; down=\u00bb15&#8243; color=\u00bbb5cd39&#8243; transparency=\u00bb1&#8243; thickness=\u00bb2&#8243;]<\/p>\n<p>No cedemos datos personales a terceros ni contamos con proveedores que nos presten servicios basados fuera de la Uni\u00f3n Europea.<\/p>\n<p>&nbsp;<\/p>\n<h2>5.Consentimiento<\/h2>\n<p>[vc_separator type=\u00bbsmall\u00bb position=\u00bbleft\u00bb up=\u00bb15&#8243; down=\u00bb15&#8243; color=\u00bbb5cd39&#8243; transparency=\u00bb1&#8243; thickness=\u00bb2&#8243;]<\/p>\n<p>El consentimiento para los siguientes tratamientos se recoge de forma libre, espec\u00edfica, informada e inequ\u00edvoca mediante casillas en los propios formularios.<\/p>\n<p>&nbsp;<\/p>\n<p>Adem\u00e1s, si usted no desea recibir comunicaciones por correo electr\u00f3nico puede oponer de forma sencilla en los mismos formularios.<\/p>\n<p>&nbsp;<\/p>\n<h2>6.Derechos<\/h2>\n<p>[vc_separator type=\u00bbsmall\u00bb position=\u00bbleft\u00bb up=\u00bb15&#8243; down=\u00bb15&#8243; color=\u00bbb5cd39&#8243; transparency=\u00bb1&#8243; thickness=\u00bb2&#8243;]<\/p>\n<p>Usted podr\u00e1 retirar su consentimiento o ejercer sus derechos de:<\/p>\n<p>&nbsp;<\/p>\n<ul>\n<li style=\"list-style-type: none;\">\n<ul>\n<li style=\"list-style-type: none;\">\n<ul>\n<li>Acceso, o conocer qu\u00e9 datos personales tratamos de usted.<\/li>\n<li>Rectificaci\u00f3n, o corregir datos personales incorrectos o inexactos.<\/li>\n<li>Supresi\u00f3n, o eliminar los datos personales que tenemos de usted.<\/li>\n<li>Oposici\u00f3n, oa que dejamos de tratar sus datos personales.<\/li>\n<li>Limitaci\u00f3n, o restringir el tratamiento que realizamos.<\/li>\n<li>Portabilidad, oa que le proporcionamos sus datos personales.<\/li>\n<\/ul>\n<\/li>\n<\/ul>\n<\/li>\n<\/ul>\n<p>&nbsp;<\/p>\n<p>Sobre los datos de car\u00e1cter personal presentando una copia de un documento identificativo y exponiendo brevemente su caso y el derecho que desea ejercer, mediante carta postal dirigida a la calle Major, 35 1\u00aa 08551-Tona (Barcelona) o info@pepetavilaro.cat<\/p>\n<p>&nbsp;<\/p>\n<p>Puede encontrar m\u00e1s informaci\u00f3n sobre sus derechos o presentar una reclamaci\u00f3n ante la autoridad de control competente en la Agencia Espa\u00f1ola de Protecci\u00f3n de Datos www.agpd.es \u2013 calle Jorge Juan, 6. 28001 \u2013 Madrid (901.100.099 \u2013 912.663). 517).[\/vc_column_text][\/vc_column][\/vc_row][vc_row css_animation=\u00bb\u00bb row_type=\u00bbrow\u00bb use_row_as_full_screen_section=\u00bbno\u00bb type=\u00bbgrid\u00bb angled_section=\u00bbno\u00bb text_align=\u00bbleft\u00bb background_image_as_pattern=\u00bbwithout_pattern\u00bb z_index=\u00bb\u00bb padding_top=\u00bb50&#8243; css=\u00bb.vc_custom_1669315138987{margin-bottom: -100px !important;background-color: #ffffff !important;}\u00bb][vc_column offset=\u00bbvc_hidden-sm vc_hidden-xs\u00bb][vc_row_inner row_type=\u00bbrow\u00bb type=\u00bbfull_width\u00bb text_align=\u00bbright\u00bb css_animation=\u00bb\u00bb css=\u00bb.vc_custom_1676657742947{margin-right: 4px !important;margin-left: 4px !important;padding-top: 50px !important;padding-right: 75px !important;padding-bottom: 50px !important;padding-left: 75px !important;background-color: #2c7781 !important;}\u00bb][vc_column_inner width=\u00bb2\/3&#8243;][vc_column_text]<\/p>\n<p style=\"text-align: left; font-size: 24px; color: #ffffff; font-weight: 600; line-height: 1.5;\">\u00a1Descubre lo f\u00e1cil que es recibir tus men\u00fas semanales con PEPETA VILAR\u00d3, listos para calentar, comer y disfrutar!<\/p>\n<p>[\/vc_column_text][\/vc_column_inner][vc_column_inner width=\u00bb1\/3&#8243;][vc_empty_space height=\u00bb10&#8243;]<a  itemprop=\"url\" href=\"\/es\/contacto\/\" target=\"_blank\" data-hover-background-color=\"#ffffff\" data-hover-border-color=\"#2c7781\" data-hover-color=\"#2c7781\" class=\"qbutton  big_large default\" style=\"color: #ffffff; border-color: #ffffff; background-color:#2c7781;\">\u00a1ME INTERESA!<\/a>[\/vc_column_inner][\/vc_row_inner][\/vc_column][\/vc_row][vc_row css_animation=\u00bb\u00bb row_type=\u00bbrow\u00bb use_row_as_full_screen_section=\u00bbno\u00bb type=\u00bbgrid\u00bb angled_section=\u00bbno\u00bb text_align=\u00bbcenter\u00bb background_image_as_pattern=\u00bbwithout_pattern\u00bb z_index=\u00bb\u00bb padding_top=\u00bb50&#8243; css=\u00bb.vc_custom_1674831971382{margin-bottom: -100px !important;background-color: #ffffff !important;}\u00bb][vc_column offset=\u00bbvc_hidden-lg vc_hidden-md\u00bb][vc_row_inner row_type=\u00bbrow\u00bb type=\u00bbfull_width\u00bb text_align=\u00bbcenter\u00bb css_animation=\u00bb\u00bb css=\u00bb.vc_custom_1676657760117{margin-right: 4px !important;margin-left: 4px !important;padding-top: 25px !important;padding-right: 25px !important;padding-bottom: 25px !important;padding-left: 25px !important;background-color: #2c7781 !important;}\u00bb][vc_column_inner width=\u00bb2\/3&#8243;][vc_column_text]<\/p>\n<p style=\"font-size: 16px; color: #ffffff; font-weight: 600; line-height: 1.5; text-align: center;\">\u00a1Descubre lo f\u00e1cil que es recibir tus men\u00fas semanales con PEPETA VILAR\u00d3, listos para calentar, comer y disfrutar!<\/p>\n<p>[\/vc_column_text][\/vc_column_inner][vc_column_inner width=\u00bb1\/3&#8243;][vc_empty_space height=\u00bb25&#8243;]<a  itemprop=\"url\" href=\"\/es\/contacto\/\" target=\"_blank\" data-hover-background-color=\"#ffffff\" data-hover-border-color=\"#2c7781\" data-hover-color=\"#2c7781\" class=\"qbutton  default\" style=\"color: #ffffff; border-color: #ffffff; background-color:#2c7781;\">\u00a1ME INTERESA!<\/a>[\/vc_column_inner][\/vc_row_inner][\/vc_column][\/vc_row][vc_row css_animation=\u00bb\u00bb row_type=\u00bbrow\u00bb use_row_as_full_screen_section=\u00bbno\u00bb type=\u00bbfull_width\u00bb angled_section=\u00bbno\u00bb text_align=\u00bbleft\u00bb background_image_as_pattern=\u00bbwithout_pattern\u00bb css=\u00bb.vc_custom_1727946450838{background-image: url(https:\/\/www.pepetavilaro.cat\/wp-content\/uploads\/2024\/10\/pepeta-vilaro-franja-separadora-fruites-logo.jpg?id=18793) !important;}\u00bb z_index=\u00bb\u00bb padding_top=\u00bb160&#8243; padding_bottom=\u00bb160&#8243;][vc_column][\/vc_column][\/vc_row]<\/p>\n<\/div>","protected":false},"excerpt":{"rendered":"<p>[vc_row css_animation=\u00bb\u00bb row_type=\u00bbrow\u00bb use_row_as_full_screen_section=\u00bbno\u00bb type=\u00bbgrid\u00bb angled_section=\u00bbno\u00bb text_align=\u00bbleft\u00bb background_image_as_pattern=\u00bbwithout_pattern\u00bb z_index=\u00bb\u00bb padding_top=\u00bb20&#8243;][vc_column][vc_column_text] INICIO &gt; POL\u00cdTICA DE PRIVACIDAD [\/vc_column_text][\/vc_column][\/vc_row][vc_row css_animation=\u00bb\u00bb row_type=\u00bbrow\u00bb use_row_as_full_screen_section=\u00bbno\u00bb type=\u00bbgrid\u00bb angled_section=\u00bbno\u00bb text_align=\u00bbleft\u00bb background_image_as_pattern=\u00bbwithout_pattern\u00bb background_color=\u00bb#ffffff\u00bb padding_top=\u00bb75&#8243; padding_bottom=\u00bb75&#8243; z_index=\u00bb\u00bb css=\u00bb.vc_custom_1676541997568{background-color: #ffffff !important;}\u00bb anchor=\u00bbcontingut\u00bb][vc_column][vc_column_text] POL\u00cdTICA DE PRIVACIDAD [\/vc_column_text][vc_separator type=\u00bbsmall\u00bb position=\u00bbleft\u00bb up=\u00bb15&#8243; down=\u00bb15&#8243; color=\u00bbb5cd39&#8243; transparency=\u00bb1&#8243; thickness=\u00bb2&#8243;][vc_empty_space height=\u00bb50&#8243;][vc_column_text] 1.Responsable [vc_separator&hellip; <a class=\"continue\" href=\"https:\/\/www.pepetavilaro.cat\/es\/inicio\/politica-de-privacidad\/\">CONTINUAR >><span> POL\u00cdTICA DE PRIVACIDAD<\/span><\/a><\/p>\n","protected":false},"author":1,"featured_media":0,"parent":18187,"menu_order":0,"comment_status":"open","ping_status":"open","template":"full_width.php","meta":{"_joinchat":[],"footnotes":""},"class_list":["post-18215","page","type-page","status-publish","hentry"],"yoast_head":"<!-- This site is optimized with the Yoast SEO plugin v27.5 - https:\/\/yoast.com\/product\/yoast-seo-wordpress\/ -->\n<title>POL\u00cdTICA DE PRIVACIDAD - PEPETA VILAR\u00d3<\/title>\n<meta name=\"robots\" content=\"noindex, follow\" \/>\n<meta property=\"og:locale\" content=\"es_ES\" \/>\n<meta property=\"og:type\" content=\"article\" \/>\n<meta property=\"og:title\" content=\"POL\u00cdTICA DE PRIVACIDAD - PEPETA VILAR\u00d3\" \/>\n<meta property=\"og:description\" content=\"[vc_row css_animation=\u00bb\u00bb row_type=\u00bbrow\u00bb use_row_as_full_screen_section=\u00bbno\u00bb type=\u00bbgrid\u00bb angled_section=\u00bbno\u00bb text_align=\u00bbleft\u00bb background_image_as_pattern=\u00bbwithout_pattern\u00bb z_index=\u00bb\u00bb padding_top=\u00bb20&#8243;][vc_column][vc_column_text] INICIO &gt; POL\u00cdTICA DE PRIVACIDAD [\/vc_column_text][\/vc_column][\/vc_row][vc_row css_animation=\u00bb\u00bb row_type=\u00bbrow\u00bb use_row_as_full_screen_section=\u00bbno\u00bb type=\u00bbgrid\u00bb angled_section=\u00bbno\u00bb text_align=\u00bbleft\u00bb background_image_as_pattern=\u00bbwithout_pattern\u00bb background_color=\u00bb#ffffff\u00bb padding_top=\u00bb75&#8243; padding_bottom=\u00bb75&#8243; z_index=\u00bb\u00bb css=\u00bb.vc_custom_1676541997568{background-color: #ffffff !important;}\u00bb anchor=\u00bbcontingut\u00bb][vc_column][vc_column_text] POL\u00cdTICA DE PRIVACIDAD [\/vc_column_text][vc_separator type=\u00bbsmall\u00bb position=\u00bbleft\u00bb up=\u00bb15&#8243; down=\u00bb15&#8243; color=\u00bbb5cd39&#8243; transparency=\u00bb1&#8243; thickness=\u00bb2&#8243;][vc_empty_space height=\u00bb50&#8243;][vc_column_text] 1.Responsable [vc_separator&hellip; CONTINUAR &gt;&gt; POL\u00cdTICA DE PRIVACIDAD\" \/>\n<meta property=\"og:url\" content=\"https:\/\/www.pepetavilaro.cat\/es\/inicio\/politica-de-privacidad\/\" \/>\n<meta property=\"og:site_name\" content=\"PEPETA VILAR\u00d3\" \/>\n<meta property=\"article:modified_time\" content=\"2024-10-03T09:07:33+00:00\" \/>\n<meta name=\"twitter:card\" content=\"summary_large_image\" \/>\n<meta name=\"twitter:label1\" content=\"Tiempo de lectura\" \/>\n\t<meta name=\"twitter:data1\" content=\"5 minutos\" \/>\n<script type=\"application\/ld+json\" class=\"yoast-schema-graph\">{\"@context\":\"https:\\\/\\\/schema.org\",\"@graph\":[{\"@type\":\"WebPage\",\"@id\":\"https:\\\/\\\/www.pepetavilaro.cat\\\/es\\\/inicio\\\/politica-de-privacidad\\\/\",\"url\":\"https:\\\/\\\/www.pepetavilaro.cat\\\/es\\\/inicio\\\/politica-de-privacidad\\\/\",\"name\":\"POL\u00cdTICA DE PRIVACIDAD - PEPETA VILAR\u00d3\",\"isPartOf\":{\"@id\":\"https:\\\/\\\/www.pepetavilaro.cat\\\/#website\"},\"datePublished\":\"2022-11-22T11:51:53+00:00\",\"dateModified\":\"2024-10-03T09:07:33+00:00\",\"breadcrumb\":{\"@id\":\"https:\\\/\\\/www.pepetavilaro.cat\\\/es\\\/inicio\\\/politica-de-privacidad\\\/#breadcrumb\"},\"inLanguage\":\"es\",\"potentialAction\":[{\"@type\":\"ReadAction\",\"target\":[\"https:\\\/\\\/www.pepetavilaro.cat\\\/es\\\/inicio\\\/politica-de-privacidad\\\/\"]}]},{\"@type\":\"BreadcrumbList\",\"@id\":\"https:\\\/\\\/www.pepetavilaro.cat\\\/es\\\/inicio\\\/politica-de-privacidad\\\/#breadcrumb\",\"itemListElement\":[{\"@type\":\"ListItem\",\"position\":1,\"name\":\"Inici\",\"item\":\"https:\\\/\\\/www.pepetavilaro.cat\\\/es\\\/\"},{\"@type\":\"ListItem\",\"position\":2,\"name\":\"INICIO\",\"item\":\"https:\\\/\\\/www.pepetavilaro.cat\\\/es\\\/\"},{\"@type\":\"ListItem\",\"position\":3,\"name\":\"POL\u00cdTICA DE PRIVACIDAD\"}]},{\"@type\":\"WebSite\",\"@id\":\"https:\\\/\\\/www.pepetavilaro.cat\\\/#website\",\"url\":\"https:\\\/\\\/www.pepetavilaro.cat\\\/\",\"name\":\"PEPETA VILAR\u00d3\",\"description\":\"Men\u00fas adaptats a domicili\",\"publisher\":{\"@id\":\"https:\\\/\\\/www.pepetavilaro.cat\\\/#organization\"},\"potentialAction\":[{\"@type\":\"SearchAction\",\"target\":{\"@type\":\"EntryPoint\",\"urlTemplate\":\"https:\\\/\\\/www.pepetavilaro.cat\\\/?s={search_term_string}\"},\"query-input\":{\"@type\":\"PropertyValueSpecification\",\"valueRequired\":true,\"valueName\":\"search_term_string\"}}],\"inLanguage\":\"es\"},{\"@type\":\"Organization\",\"@id\":\"https:\\\/\\\/www.pepetavilaro.cat\\\/#organization\",\"name\":\"PEPETA VILAR\u00d3\",\"url\":\"https:\\\/\\\/www.pepetavilaro.cat\\\/\",\"logo\":{\"@type\":\"ImageObject\",\"inLanguage\":\"es\",\"@id\":\"https:\\\/\\\/www.pepetavilaro.cat\\\/#\\\/schema\\\/logo\\\/image\\\/\",\"url\":\"https:\\\/\\\/www.pepetavilaro.cat\\\/wp-content\\\/uploads\\\/2022\\\/12\\\/pepeta-vilaro-logo-petit.png\",\"contentUrl\":\"https:\\\/\\\/www.pepetavilaro.cat\\\/wp-content\\\/uploads\\\/2022\\\/12\\\/pepeta-vilaro-logo-petit.png\",\"width\":150,\"height\":150,\"caption\":\"PEPETA VILAR\u00d3\"},\"image\":{\"@id\":\"https:\\\/\\\/www.pepetavilaro.cat\\\/#\\\/schema\\\/logo\\\/image\\\/\"}}]}<\/script>\n<!-- \/ Yoast SEO plugin. -->","yoast_head_json":{"title":"POL\u00cdTICA DE PRIVACIDAD - PEPETA VILAR\u00d3","robots":{"index":"noindex","follow":"follow"},"og_locale":"es_ES","og_type":"article","og_title":"POL\u00cdTICA DE PRIVACIDAD - PEPETA VILAR\u00d3","og_description":"[vc_row css_animation=\u00bb\u00bb row_type=\u00bbrow\u00bb use_row_as_full_screen_section=\u00bbno\u00bb type=\u00bbgrid\u00bb angled_section=\u00bbno\u00bb text_align=\u00bbleft\u00bb background_image_as_pattern=\u00bbwithout_pattern\u00bb z_index=\u00bb\u00bb padding_top=\u00bb20&#8243;][vc_column][vc_column_text] INICIO &gt; POL\u00cdTICA DE PRIVACIDAD [\/vc_column_text][\/vc_column][\/vc_row][vc_row css_animation=\u00bb\u00bb row_type=\u00bbrow\u00bb use_row_as_full_screen_section=\u00bbno\u00bb type=\u00bbgrid\u00bb angled_section=\u00bbno\u00bb text_align=\u00bbleft\u00bb background_image_as_pattern=\u00bbwithout_pattern\u00bb background_color=\u00bb#ffffff\u00bb padding_top=\u00bb75&#8243; padding_bottom=\u00bb75&#8243; z_index=\u00bb\u00bb css=\u00bb.vc_custom_1676541997568{background-color: #ffffff !important;}\u00bb anchor=\u00bbcontingut\u00bb][vc_column][vc_column_text] POL\u00cdTICA DE PRIVACIDAD [\/vc_column_text][vc_separator type=\u00bbsmall\u00bb position=\u00bbleft\u00bb up=\u00bb15&#8243; down=\u00bb15&#8243; color=\u00bbb5cd39&#8243; transparency=\u00bb1&#8243; thickness=\u00bb2&#8243;][vc_empty_space height=\u00bb50&#8243;][vc_column_text] 1.Responsable [vc_separator&hellip; CONTINUAR >> POL\u00cdTICA DE PRIVACIDAD","og_url":"https:\/\/www.pepetavilaro.cat\/es\/inicio\/politica-de-privacidad\/","og_site_name":"PEPETA VILAR\u00d3","article_modified_time":"2024-10-03T09:07:33+00:00","twitter_card":"summary_large_image","twitter_misc":{"Tiempo de lectura":"5 minutos"},"schema":{"@context":"https:\/\/schema.org","@graph":[{"@type":"WebPage","@id":"https:\/\/www.pepetavilaro.cat\/es\/inicio\/politica-de-privacidad\/","url":"https:\/\/www.pepetavilaro.cat\/es\/inicio\/politica-de-privacidad\/","name":"POL\u00cdTICA DE PRIVACIDAD - PEPETA VILAR\u00d3","isPartOf":{"@id":"https:\/\/www.pepetavilaro.cat\/#website"},"datePublished":"2022-11-22T11:51:53+00:00","dateModified":"2024-10-03T09:07:33+00:00","breadcrumb":{"@id":"https:\/\/www.pepetavilaro.cat\/es\/inicio\/politica-de-privacidad\/#breadcrumb"},"inLanguage":"es","potentialAction":[{"@type":"ReadAction","target":["https:\/\/www.pepetavilaro.cat\/es\/inicio\/politica-de-privacidad\/"]}]},{"@type":"BreadcrumbList","@id":"https:\/\/www.pepetavilaro.cat\/es\/inicio\/politica-de-privacidad\/#breadcrumb","itemListElement":[{"@type":"ListItem","position":1,"name":"Inici","item":"https:\/\/www.pepetavilaro.cat\/es\/"},{"@type":"ListItem","position":2,"name":"INICIO","item":"https:\/\/www.pepetavilaro.cat\/es\/"},{"@type":"ListItem","position":3,"name":"POL\u00cdTICA DE PRIVACIDAD"}]},{"@type":"WebSite","@id":"https:\/\/www.pepetavilaro.cat\/#website","url":"https:\/\/www.pepetavilaro.cat\/","name":"PEPETA VILAR\u00d3","description":"Men\u00fas adaptats a domicili","publisher":{"@id":"https:\/\/www.pepetavilaro.cat\/#organization"},"potentialAction":[{"@type":"SearchAction","target":{"@type":"EntryPoint","urlTemplate":"https:\/\/www.pepetavilaro.cat\/?s={search_term_string}"},"query-input":{"@type":"PropertyValueSpecification","valueRequired":true,"valueName":"search_term_string"}}],"inLanguage":"es"},{"@type":"Organization","@id":"https:\/\/www.pepetavilaro.cat\/#organization","name":"PEPETA VILAR\u00d3","url":"https:\/\/www.pepetavilaro.cat\/","logo":{"@type":"ImageObject","inLanguage":"es","@id":"https:\/\/www.pepetavilaro.cat\/#\/schema\/logo\/image\/","url":"https:\/\/www.pepetavilaro.cat\/wp-content\/uploads\/2022\/12\/pepeta-vilaro-logo-petit.png","contentUrl":"https:\/\/www.pepetavilaro.cat\/wp-content\/uploads\/2022\/12\/pepeta-vilaro-logo-petit.png","width":150,"height":150,"caption":"PEPETA VILAR\u00d3"},"image":{"@id":"https:\/\/www.pepetavilaro.cat\/#\/schema\/logo\/image\/"}}]}},"_links":{"self":[{"href":"https:\/\/www.pepetavilaro.cat\/es\/wp-json\/wp\/v2\/pages\/18215","targetHints":{"allow":["GET"]}}],"collection":[{"href":"https:\/\/www.pepetavilaro.cat\/es\/wp-json\/wp\/v2\/pages"}],"about":[{"href":"https:\/\/www.pepetavilaro.cat\/es\/wp-json\/wp\/v2\/types\/page"}],"author":[{"embeddable":true,"href":"https:\/\/www.pepetavilaro.cat\/es\/wp-json\/wp\/v2\/users\/1"}],"replies":[{"embeddable":true,"href":"https:\/\/www.pepetavilaro.cat\/es\/wp-json\/wp\/v2\/comments?post=18215"}],"version-history":[{"count":3,"href":"https:\/\/www.pepetavilaro.cat\/es\/wp-json\/wp\/v2\/pages\/18215\/revisions"}],"predecessor-version":[{"id":18808,"href":"https:\/\/www.pepetavilaro.cat\/es\/wp-json\/wp\/v2\/pages\/18215\/revisions\/18808"}],"up":[{"embeddable":true,"href":"https:\/\/www.pepetavilaro.cat\/es\/wp-json\/wp\/v2\/pages\/18187"}],"wp:attachment":[{"href":"https:\/\/www.pepetavilaro.cat\/es\/wp-json\/wp\/v2\/media?parent=18215"}],"curies":[{"name":"wp","href":"https:\/\/api.w.org\/{rel}","templated":true}]}}