{"id":18211,"date":"2022-11-25T12:27:55","date_gmt":"2022-11-25T10:27:55","guid":{"rendered":"https:\/\/www.pepetavilaro.cat\/?page_id=18211"},"modified":"2025-12-05T14:48:26","modified_gmt":"2025-12-05T12:48:26","slug":"politica-de-cookies","status":"publish","type":"page","link":"https:\/\/www.pepetavilaro.cat\/es\/inicio\/politica-de-cookies\/","title":{"rendered":"POL\u00cdTICA DE COOKIES"},"content":{"rendered":"<div class=\"wpb-content-wrapper\"><p>[vc_row css_animation=\u00bb\u00bb row_type=\u00bbrow\u00bb use_row_as_full_screen_section=\u00bbno\u00bb type=\u00bbgrid\u00bb angled_section=\u00bbno\u00bb text_align=\u00bbleft\u00bb background_image_as_pattern=\u00bbwithout_pattern\u00bb z_index=\u00bb\u00bb padding_top=\u00bb20&#8243;][vc_column][vc_column_text]<\/p>\n<p style=\"font-size: 12px; text-align: right;\"><a href=\"\/es\/\">INICI<\/a> &gt; POL\u00cdTICA DE COOKIES<\/p>\n<p>[\/vc_column_text][\/vc_column][\/vc_row][vc_row css_animation=\u00bb\u00bb row_type=\u00bbrow\u00bb use_row_as_full_screen_section=\u00bbno\u00bb type=\u00bbgrid\u00bb angled_section=\u00bbno\u00bb text_align=\u00bbleft\u00bb background_image_as_pattern=\u00bbwithout_pattern\u00bb background_color=\u00bb#ffffff\u00bb padding_top=\u00bb75&#8243; padding_bottom=\u00bb75&#8243; z_index=\u00bb\u00bb css=\u00bb.vc_custom_1676541979288{background-color: #ffffff !important;}\u00bb anchor=\u00bbcontingut\u00bb][vc_column][vc_column_text]<\/p>\n<h1 style=\"text-align: left;\">POL\u00cdTICA DE COOKIES<\/h1>\n<p>[\/vc_column_text][vc_separator type=\u00bbsmall\u00bb position=\u00bbleft\u00bb up=\u00bb15&#8243; down=\u00bb15&#8243; color=\u00bbb5cd39&#8243; transparency=\u00bb1&#8243; thickness=\u00bb2&#8243;][vc_empty_space height=\u00bb50&#8243;][vc_column_text css=\u00bb\u00bb]En cumplimiento de la Ley 34\/2002 de Servicios de la Sociedad de la Informaci\u00f3n y Comercio Electr\u00f3nico LSSICE y sus modificaciones del Real Decreto-ley 13\/2012, de 30 de marzo, que afectan al uso de cookies y a los env\u00edos comerciales por correo electr\u00f3nico, y en cumplimiento de la Directiva Europea 2009\/136\/CE, y con el objetivo de garantizar tu privacidad, te informamos de que en nuestra web\u00a0 utilizamos cookies y otros mecanismos similares que nos permiten facilitarte el uso y navegaci\u00f3n a trav\u00e9s de la p\u00e1gina web, garantizar el acceso a determinadas funcionalidades y adicionalmente, nos ayudan a mejorar la calidad de la p\u00e1gina de acuerdo a tus h\u00e1bitos y estilos de navegaci\u00f3n.<\/p>\n<p>&nbsp;<\/p>\n<p>En cualquier momento puede modificar las cookies en las opciones de configuraci\u00f3n de su navegador.<\/p>\n<p>&nbsp;<\/p>\n<p>Nuestra web contiene enlaces a sitios web de terceros, cuyas pol\u00edticas de privacidad son ajenas a la nuestra. Al acceder a tales sitios web usted puede decidir si acepta sus pol\u00edticas de privacidad y de cookies. Con car\u00e1cter general, si navega por internet usted puede aceptar o rechazar las cookies de terceros desde las opciones de configuraci\u00f3n de su navegador.<\/p>\n<p>&nbsp;<\/p>\n<p>Las cookies no son virus inform\u00e1ticos, no da\u00f1an su ordenador ni ralentizan su funcionamiento y puede eliminarlas en cualquier momento, o rechazarlas configurando el programa de navegaci\u00f3n que utiliza. En general nuestra web s\u00f3lo utiliza cookies de car\u00e1cter t\u00e9cnico, destinadas \u00fanicamente a permitir al usuario navegar por la p\u00e1gina web, cookies estrictamente necesarias, para la prestaci\u00f3n de un servicio expresamente solicitado por el usuario y cookies sin capacidad de identificar al usuario.<\/p>\n<p>&nbsp;<\/p>\n<p>\n<table id=\"tablepress-3\" class=\"tablepress tablepress-id-3\">\n<thead>\n<tr class=\"row-1\">\n\t<th class=\"column-1\">NOMBRE<\/th><th class=\"column-2\">TIPO<\/th><th class=\"column-3\">ORIGEN<\/th><th class=\"column-4\">DURACI\u00d3N<\/th><th class=\"column-5\">FUNCI\u00d3N<\/th>\n<\/tr>\n<\/thead>\n<tbody class=\"row-striping row-hover\">\n<tr class=\"row-2\">\n\t<td class=\"column-1\">rc::c<\/td><td class=\"column-2\">M\u00e0rqueting\/Seguiment<\/td><td class=\"column-3\">Google reCAPTCHA<\/td><td class=\"column-4\">Sesi\u00f3n<\/td><td class=\"column-5\">Filtrar las solicitudes de los robots<\/td>\n<\/tr>\n<tr class=\"row-3\">\n\t<td class=\"column-1\">rc::b<\/td><td class=\"column-2\">M\u00e0rqueting\/Seguiment<\/td><td class=\"column-3\">Google reCAPTCHA<\/td><td class=\"column-4\">Sesi\u00f3n<\/td><td class=\"column-5\">Filtrar las solicitudes de los robots<\/td>\n<\/tr>\n<tr class=\"row-4\">\n\t<td class=\"column-1\">rc::a<\/td><td class=\"column-2\">M\u00e0rqueting\/Seguiment<\/td><td class=\"column-3\">Google reCAPTCHA<\/td><td class=\"column-4\">Persistente<\/td><td class=\"column-5\">Filtrar las solicitudes de los robots<\/td>\n<\/tr>\n<tr class=\"row-5\">\n\t<td class=\"column-1\">joinchat_views<\/td><td class=\"column-2\">Funcional<\/td><td class=\"column-3\">Join.chat<\/td><td class=\"column-4\">Persistente<\/td><td class=\"column-5\">Cuenta y realiza un seguimiento de las p\u00e1ginas vistas<\/td>\n<\/tr>\n<tr class=\"row-6\">\n\t<td class=\"column-1\">joinchat_hashes<\/td><td class=\"column-2\">Funcional<\/td><td class=\"column-3\">Join.chat<\/td><td class=\"column-4\">Persistente<\/td><td class=\"column-5\">Almacena las acciones realizadas por los usuarios en el sitio web<\/td>\n<\/tr>\n<tr class=\"row-7\">\n\t<td class=\"column-1\">__utmz<\/td><td class=\"column-2\">Estad\u00edstiques<\/td><td class=\"column-3\">Google Analytics<\/td><td class=\"column-4\">6 meses<\/td><td class=\"column-5\">Almacena las palabras clave y el motor de b\u00fasqueda utilizados<\/td>\n<\/tr>\n<tr class=\"row-8\">\n\t<td class=\"column-1\">_ga<\/td><td class=\"column-2\">Estad\u00edstiques<\/td><td class=\"column-3\">Google Analytics<\/td><td class=\"column-4\">2 a\u00f1os<\/td><td class=\"column-5\">Cuenta y realiza un seguimiento de las p\u00e1ginas vistas<\/td>\n<\/tr>\n<tr class=\"row-9\">\n\t<td class=\"column-1\">__utma<\/td><td class=\"column-2\">Estad\u00edstiques<\/td><td class=\"column-3\">Google Analytics<\/td><td class=\"column-4\">Persistente<\/td><td class=\"column-5\">Calcula los d\u00edas y hora de compra<\/td>\n<\/tr>\n<tr class=\"row-10\">\n\t<td class=\"column-1\">__utmc<\/td><td class=\"column-2\">Estad\u00edstiques<\/td><td class=\"column-3\">Google Analytics<\/td><td class=\"column-4\">30 minutos<\/td><td class=\"column-5\">Almacena el tiempo de visita<\/td>\n<\/tr>\n<tr class=\"row-11\">\n\t<td class=\"column-1\">_ga_*<\/td><td class=\"column-2\">Estad\u00edstiques<\/td><td class=\"column-3\">Google Analytics<\/td><td class=\"column-4\">1 a\u00f1o<\/td><td class=\"column-5\">Cuenta y realiza un seguimiento de las p\u00e1ginas vistas<\/td>\n<\/tr>\n<tr class=\"row-12\">\n\t<td class=\"column-1\">__utmt<\/td><td class=\"column-2\">Estad\u00edstiques<\/td><td class=\"column-3\">Google Analytics<\/td><td class=\"column-4\">10 minutos<\/td><td class=\"column-5\">Almacena el n\u00famero de solicitudes del servicio<\/td>\n<\/tr>\n<tr class=\"row-13\">\n\t<td class=\"column-1\">__utmb<\/td><td class=\"column-2\">Estad\u00edstiques<\/td><td class=\"column-3\">Google Analytics<\/td><td class=\"column-4\">Sessi\u00f3n<\/td><td class=\"column-5\">Almacena el tiempo de visita<\/td>\n<\/tr>\n<tr class=\"row-14\">\n\t<td class=\"column-1\">cmplz_policy_id<\/td><td class=\"column-2\">Funcional<\/td><td class=\"column-3\">Complianz<\/td><td class=\"column-4\">365 d\u00edas<\/td><td class=\"column-5\">Registrar el ID de la pol\u00edtica de cookie aceptada<\/td>\n<\/tr>\n<tr class=\"row-15\">\n\t<td class=\"column-1\">cmplz_consented_services<\/td><td class=\"column-2\">Funcional<\/td><td class=\"column-3\">Complianz<\/td><td class=\"column-4\">365 d\u00edas<\/td><td class=\"column-5\">Almacena las preferencias de consentimiento de las cookies<\/td>\n<\/tr>\n<tr class=\"row-16\">\n\t<td class=\"column-1\">cmplz_marketing<\/td><td class=\"column-2\">Funcional<\/td><td class=\"column-3\">Complianz<\/td><td class=\"column-4\">365 d\u00edas<\/td><td class=\"column-5\">Almacena las preferencias de consentimiento de las cookies<\/td>\n<\/tr>\n<tr class=\"row-17\">\n\t<td class=\"column-1\">cmplz_statistics<\/td><td class=\"column-2\">Funcional<\/td><td class=\"column-3\">Complianz<\/td><td class=\"column-4\">365 d\u00edas<\/td><td class=\"column-5\">Almacena las preferencias de consentimiento de las cookies<\/td>\n<\/tr>\n<tr class=\"row-18\">\n\t<td class=\"column-1\">cmplz_preferences<\/td><td class=\"column-2\">Funcional<\/td><td class=\"column-3\">Complianz<\/td><td class=\"column-4\">365 d\u00edas<\/td><td class=\"column-5\">Almacena las preferencias de consentimiento de las cookies<\/td>\n<\/tr>\n<tr class=\"row-19\">\n\t<td class=\"column-1\">cmplz_functional<\/td><td class=\"column-2\">Funcional<\/td><td class=\"column-3\">Complianz<\/td><td class=\"column-4\">365 d\u00edas<\/td><td class=\"column-5\">Almacena las preferencias de consentimiento de las cookies<\/td>\n<\/tr>\n<tr class=\"row-20\">\n\t<td class=\"column-1\">cmplz_banner-status<\/td><td class=\"column-2\">Funcional<\/td><td class=\"column-3\">Complianz<\/td><td class=\"column-4\">365 d\u00edas<\/td><td class=\"column-5\">Almacena si el banner de galletas se ha descartado<\/td>\n<\/tr>\n<tr class=\"row-21\">\n\t<td class=\"column-1\">wp-wpml_current_language<\/td><td class=\"column-2\">Funcional<\/td><td class=\"column-3\">WPML<\/td><td class=\"column-4\">1 d\u00eda<\/td><td class=\"column-5\">Almacena la configuraci\u00f3n del idiomas<\/td>\n<\/tr>\n<tr class=\"row-22\">\n\t<td class=\"column-1\">Google Fonts API<\/td><td class=\"column-2\">M\u00e0rqueting\/Seguiment<\/td><td class=\"column-3\">Google Fonts<\/td><td class=\"column-4\">No<\/td><td class=\"column-5\">Preguntar la direcci\u00f3n IP del usuario<\/td>\n<\/tr>\n<tr class=\"row-23\">\n\t<td class=\"column-1\">VISITOR_INFO1_LIVE<\/td><td class=\"column-2\">Funcional<\/td><td class=\"column-3\">YouTube<\/td><td class=\"column-4\">6 meses<\/td><td class=\"column-5\">Ancho de banda estimada<\/td>\n<\/tr>\n<\/tbody>\n<\/table>\n<!-- #tablepress-3 from cache -->[\/vc_column_text][\/vc_column][\/vc_row][vc_row css_animation=\u00bb\u00bb row_type=\u00bbrow\u00bb use_row_as_full_screen_section=\u00bbno\u00bb type=\u00bbgrid\u00bb angled_section=\u00bbno\u00bb text_align=\u00bbleft\u00bb background_image_as_pattern=\u00bbwithout_pattern\u00bb z_index=\u00bb\u00bb padding_top=\u00bb50&#8243; css=\u00bb.vc_custom_1669315138987{margin-bottom: -100px !important;background-color: #ffffff !important;}\u00bb][vc_column offset=\u00bbvc_hidden-sm vc_hidden-xs\u00bb][vc_row_inner row_type=\u00bbrow\u00bb type=\u00bbfull_width\u00bb text_align=\u00bbright\u00bb css_animation=\u00bb\u00bb css=\u00bb.vc_custom_1676657664554{margin-right: 4px !important;margin-left: 4px !important;padding-top: 50px !important;padding-right: 75px !important;padding-bottom: 50px !important;padding-left: 75px !important;background-color: #2c7781 !important;}\u00bb][vc_column_inner width=\u00bb2\/3&#8243;][vc_column_text]<\/p>\n<p style=\"text-align: left; font-size: 24px; color: #ffffff; font-weight: 600; line-height: 1.5;\">\u00a1Descubre lo f\u00e1cil que es recibir tus men\u00fas semanales con PEPETA VILAR\u00d3, listos para calentar, comer y disfrutar!<\/p>\n<p>[\/vc_column_text][\/vc_column_inner][vc_column_inner width=\u00bb1\/3&#8243;][vc_empty_space height=\u00bb10&#8243;]<a  itemprop=\"url\" href=\"\/es\/contacto\/\" target=\"_blank\" data-hover-background-color=\"#ffffff\" data-hover-border-color=\"#2c7781\" data-hover-color=\"#2c7781\" class=\"qbutton  big_large default\" style=\"color: #ffffff; border-color: #ffffff; background-color:#2c7781;\">\u00a1ME INTERESA!<\/a>[\/vc_column_inner][\/vc_row_inner][\/vc_column][\/vc_row][vc_row css_animation=\u00bb\u00bb row_type=\u00bbrow\u00bb use_row_as_full_screen_section=\u00bbno\u00bb type=\u00bbgrid\u00bb angled_section=\u00bbno\u00bb text_align=\u00bbcenter\u00bb background_image_as_pattern=\u00bbwithout_pattern\u00bb z_index=\u00bb\u00bb padding_top=\u00bb50&#8243; css=\u00bb.vc_custom_1674831971382{margin-bottom: -100px !important;background-color: #ffffff !important;}\u00bb][vc_column offset=\u00bbvc_hidden-lg vc_hidden-md\u00bb][vc_row_inner row_type=\u00bbrow\u00bb type=\u00bbfull_width\u00bb text_align=\u00bbcenter\u00bb css_animation=\u00bb\u00bb css=\u00bb.vc_custom_1676657681943{margin-right: 4px !important;margin-left: 4px !important;padding-top: 25px !important;padding-right: 25px !important;padding-bottom: 25px !important;padding-left: 25px !important;background-color: #2c7781 !important;}\u00bb][vc_column_inner width=\u00bb2\/3&#8243;][vc_column_text]<\/p>\n<p style=\"font-size: 16px; color: #ffffff; font-weight: 600; line-height: 1.5; text-align: center;\">\u00a1Descubre lo f\u00e1cil que es recibir tus men\u00fas semanales con PEPETA VILAR\u00d3, listos para calentar, comer y disfrutar!<\/p>\n<p>[\/vc_column_text][\/vc_column_inner][vc_column_inner width=\u00bb1\/3&#8243;][vc_empty_space height=\u00bb25&#8243;]<a  itemprop=\"url\" href=\"\/es\/contacto\/\" target=\"_blank\" data-hover-background-color=\"#ffffff\" data-hover-border-color=\"#2c7781\" data-hover-color=\"#2c7781\" class=\"qbutton  default\" style=\"color: #ffffff; border-color: #ffffff; background-color:#2c7781;\">\u00a1ME INTERESA!<\/a>[\/vc_column_inner][\/vc_row_inner][\/vc_column][\/vc_row][vc_row css_animation=\u00bb\u00bb row_type=\u00bbrow\u00bb use_row_as_full_screen_section=\u00bbno\u00bb type=\u00bbfull_width\u00bb angled_section=\u00bbno\u00bb text_align=\u00bbleft\u00bb background_image_as_pattern=\u00bbwithout_pattern\u00bb css=\u00bb.vc_custom_1727946426774{background-image: url(https:\/\/www.pepetavilaro.cat\/wp-content\/uploads\/2024\/10\/pepeta-vilaro-franja-separadora-fruites-logo.jpg?id=18793) !important;}\u00bb z_index=\u00bb\u00bb padding_top=\u00bb160&#8243; padding_bottom=\u00bb160&#8243;][vc_column][\/vc_column][\/vc_row]<\/p>\n<\/div>","protected":false},"excerpt":{"rendered":"<p>[vc_row css_animation=\u00bb\u00bb row_type=\u00bbrow\u00bb use_row_as_full_screen_section=\u00bbno\u00bb type=\u00bbgrid\u00bb angled_section=\u00bbno\u00bb text_align=\u00bbleft\u00bb background_image_as_pattern=\u00bbwithout_pattern\u00bb z_index=\u00bb\u00bb padding_top=\u00bb20&#8243;][vc_column][vc_column_text] INICI &gt; POL\u00cdTICA DE COOKIES [\/vc_column_text][\/vc_column][\/vc_row][vc_row css_animation=\u00bb\u00bb row_type=\u00bbrow\u00bb use_row_as_full_screen_section=\u00bbno\u00bb type=\u00bbgrid\u00bb angled_section=\u00bbno\u00bb text_align=\u00bbleft\u00bb background_image_as_pattern=\u00bbwithout_pattern\u00bb background_color=\u00bb#ffffff\u00bb padding_top=\u00bb75&#8243; padding_bottom=\u00bb75&#8243; z_index=\u00bb\u00bb css=\u00bb.vc_custom_1676541979288{background-color: #ffffff !important;}\u00bb anchor=\u00bbcontingut\u00bb][vc_column][vc_column_text] POL\u00cdTICA DE COOKIES [\/vc_column_text][vc_separator type=\u00bbsmall\u00bb position=\u00bbleft\u00bb up=\u00bb15&#8243; down=\u00bb15&#8243; color=\u00bbb5cd39&#8243; transparency=\u00bb1&#8243; thickness=\u00bb2&#8243;][vc_empty_space height=\u00bb50&#8243;][vc_column_text css=\u00bb\u00bb]En cumplimiento&hellip; <a class=\"continue\" href=\"https:\/\/www.pepetavilaro.cat\/es\/inicio\/politica-de-cookies\/\">CONTINUAR >><span> POL\u00cdTICA DE COOKIES<\/span><\/a><\/p>\n","protected":false},"author":1,"featured_media":0,"parent":18187,"menu_order":0,"comment_status":"open","ping_status":"open","template":"full_width.php","meta":{"_joinchat":[],"footnotes":""},"class_list":["post-18211","page","type-page","status-publish","hentry"],"yoast_head":"<!-- This site is optimized with the Yoast SEO plugin v27.5 - https:\/\/yoast.com\/product\/yoast-seo-wordpress\/ -->\n<title>POL\u00cdTICA DE COOKIES - PEPETA VILAR\u00d3<\/title>\n<meta name=\"robots\" content=\"noindex, follow\" \/>\n<meta property=\"og:locale\" content=\"es_ES\" \/>\n<meta property=\"og:type\" content=\"article\" \/>\n<meta property=\"og:title\" content=\"POL\u00cdTICA DE COOKIES - PEPETA VILAR\u00d3\" \/>\n<meta property=\"og:description\" content=\"[vc_row css_animation=\u00bb\u00bb row_type=\u00bbrow\u00bb use_row_as_full_screen_section=\u00bbno\u00bb type=\u00bbgrid\u00bb angled_section=\u00bbno\u00bb text_align=\u00bbleft\u00bb background_image_as_pattern=\u00bbwithout_pattern\u00bb z_index=\u00bb\u00bb padding_top=\u00bb20&#8243;][vc_column][vc_column_text] INICI &gt; POL\u00cdTICA DE COOKIES [\/vc_column_text][\/vc_column][\/vc_row][vc_row css_animation=\u00bb\u00bb row_type=\u00bbrow\u00bb use_row_as_full_screen_section=\u00bbno\u00bb type=\u00bbgrid\u00bb angled_section=\u00bbno\u00bb text_align=\u00bbleft\u00bb background_image_as_pattern=\u00bbwithout_pattern\u00bb background_color=\u00bb#ffffff\u00bb padding_top=\u00bb75&#8243; padding_bottom=\u00bb75&#8243; z_index=\u00bb\u00bb css=\u00bb.vc_custom_1676541979288{background-color: #ffffff !important;}\u00bb anchor=\u00bbcontingut\u00bb][vc_column][vc_column_text] POL\u00cdTICA DE COOKIES [\/vc_column_text][vc_separator type=\u00bbsmall\u00bb position=\u00bbleft\u00bb up=\u00bb15&#8243; down=\u00bb15&#8243; color=\u00bbb5cd39&#8243; transparency=\u00bb1&#8243; thickness=\u00bb2&#8243;][vc_empty_space height=\u00bb50&#8243;][vc_column_text css=\u00bb\u00bb]En cumplimiento&hellip; CONTINUAR &gt;&gt; POL\u00cdTICA DE COOKIES\" \/>\n<meta property=\"og:url\" content=\"https:\/\/www.pepetavilaro.cat\/es\/inicio\/politica-de-cookies\/\" \/>\n<meta property=\"og:site_name\" content=\"PEPETA VILAR\u00d3\" \/>\n<meta property=\"article:modified_time\" content=\"2025-12-05T12:48:26+00:00\" \/>\n<meta name=\"twitter:card\" content=\"summary_large_image\" \/>\n<meta name=\"twitter:label1\" content=\"Tiempo de lectura\" \/>\n\t<meta name=\"twitter:data1\" content=\"8 minutos\" \/>\n<script type=\"application\/ld+json\" class=\"yoast-schema-graph\">{\"@context\":\"https:\\\/\\\/schema.org\",\"@graph\":[{\"@type\":\"WebPage\",\"@id\":\"https:\\\/\\\/www.pepetavilaro.cat\\\/es\\\/inicio\\\/politica-de-cookies\\\/\",\"url\":\"https:\\\/\\\/www.pepetavilaro.cat\\\/es\\\/inicio\\\/politica-de-cookies\\\/\",\"name\":\"POL\u00cdTICA DE COOKIES - PEPETA VILAR\u00d3\",\"isPartOf\":{\"@id\":\"https:\\\/\\\/www.pepetavilaro.cat\\\/#website\"},\"datePublished\":\"2022-11-25T10:27:55+00:00\",\"dateModified\":\"2025-12-05T12:48:26+00:00\",\"breadcrumb\":{\"@id\":\"https:\\\/\\\/www.pepetavilaro.cat\\\/es\\\/inicio\\\/politica-de-cookies\\\/#breadcrumb\"},\"inLanguage\":\"es\",\"potentialAction\":[{\"@type\":\"ReadAction\",\"target\":[\"https:\\\/\\\/www.pepetavilaro.cat\\\/es\\\/inicio\\\/politica-de-cookies\\\/\"]}]},{\"@type\":\"BreadcrumbList\",\"@id\":\"https:\\\/\\\/www.pepetavilaro.cat\\\/es\\\/inicio\\\/politica-de-cookies\\\/#breadcrumb\",\"itemListElement\":[{\"@type\":\"ListItem\",\"position\":1,\"name\":\"Inici\",\"item\":\"https:\\\/\\\/www.pepetavilaro.cat\\\/es\\\/\"},{\"@type\":\"ListItem\",\"position\":2,\"name\":\"INICIO\",\"item\":\"https:\\\/\\\/www.pepetavilaro.cat\\\/es\\\/\"},{\"@type\":\"ListItem\",\"position\":3,\"name\":\"POL\u00cdTICA DE COOKIES\"}]},{\"@type\":\"WebSite\",\"@id\":\"https:\\\/\\\/www.pepetavilaro.cat\\\/#website\",\"url\":\"https:\\\/\\\/www.pepetavilaro.cat\\\/\",\"name\":\"PEPETA VILAR\u00d3\",\"description\":\"Men\u00fas adaptats a domicili\",\"publisher\":{\"@id\":\"https:\\\/\\\/www.pepetavilaro.cat\\\/#organization\"},\"potentialAction\":[{\"@type\":\"SearchAction\",\"target\":{\"@type\":\"EntryPoint\",\"urlTemplate\":\"https:\\\/\\\/www.pepetavilaro.cat\\\/?s={search_term_string}\"},\"query-input\":{\"@type\":\"PropertyValueSpecification\",\"valueRequired\":true,\"valueName\":\"search_term_string\"}}],\"inLanguage\":\"es\"},{\"@type\":\"Organization\",\"@id\":\"https:\\\/\\\/www.pepetavilaro.cat\\\/#organization\",\"name\":\"PEPETA VILAR\u00d3\",\"url\":\"https:\\\/\\\/www.pepetavilaro.cat\\\/\",\"logo\":{\"@type\":\"ImageObject\",\"inLanguage\":\"es\",\"@id\":\"https:\\\/\\\/www.pepetavilaro.cat\\\/#\\\/schema\\\/logo\\\/image\\\/\",\"url\":\"https:\\\/\\\/www.pepetavilaro.cat\\\/wp-content\\\/uploads\\\/2022\\\/12\\\/pepeta-vilaro-logo-petit.png\",\"contentUrl\":\"https:\\\/\\\/www.pepetavilaro.cat\\\/wp-content\\\/uploads\\\/2022\\\/12\\\/pepeta-vilaro-logo-petit.png\",\"width\":150,\"height\":150,\"caption\":\"PEPETA VILAR\u00d3\"},\"image\":{\"@id\":\"https:\\\/\\\/www.pepetavilaro.cat\\\/#\\\/schema\\\/logo\\\/image\\\/\"}}]}<\/script>\n<!-- \/ Yoast SEO plugin. -->","yoast_head_json":{"title":"POL\u00cdTICA DE COOKIES - PEPETA VILAR\u00d3","robots":{"index":"noindex","follow":"follow"},"og_locale":"es_ES","og_type":"article","og_title":"POL\u00cdTICA DE COOKIES - PEPETA VILAR\u00d3","og_description":"[vc_row css_animation=\u00bb\u00bb row_type=\u00bbrow\u00bb use_row_as_full_screen_section=\u00bbno\u00bb type=\u00bbgrid\u00bb angled_section=\u00bbno\u00bb text_align=\u00bbleft\u00bb background_image_as_pattern=\u00bbwithout_pattern\u00bb z_index=\u00bb\u00bb padding_top=\u00bb20&#8243;][vc_column][vc_column_text] INICI &gt; POL\u00cdTICA DE COOKIES [\/vc_column_text][\/vc_column][\/vc_row][vc_row css_animation=\u00bb\u00bb row_type=\u00bbrow\u00bb use_row_as_full_screen_section=\u00bbno\u00bb type=\u00bbgrid\u00bb angled_section=\u00bbno\u00bb text_align=\u00bbleft\u00bb background_image_as_pattern=\u00bbwithout_pattern\u00bb background_color=\u00bb#ffffff\u00bb padding_top=\u00bb75&#8243; padding_bottom=\u00bb75&#8243; z_index=\u00bb\u00bb css=\u00bb.vc_custom_1676541979288{background-color: #ffffff !important;}\u00bb anchor=\u00bbcontingut\u00bb][vc_column][vc_column_text] POL\u00cdTICA DE COOKIES [\/vc_column_text][vc_separator type=\u00bbsmall\u00bb position=\u00bbleft\u00bb up=\u00bb15&#8243; down=\u00bb15&#8243; color=\u00bbb5cd39&#8243; transparency=\u00bb1&#8243; thickness=\u00bb2&#8243;][vc_empty_space height=\u00bb50&#8243;][vc_column_text css=\u00bb\u00bb]En cumplimiento&hellip; CONTINUAR >> POL\u00cdTICA DE COOKIES","og_url":"https:\/\/www.pepetavilaro.cat\/es\/inicio\/politica-de-cookies\/","og_site_name":"PEPETA VILAR\u00d3","article_modified_time":"2025-12-05T12:48:26+00:00","twitter_card":"summary_large_image","twitter_misc":{"Tiempo de lectura":"8 minutos"},"schema":{"@context":"https:\/\/schema.org","@graph":[{"@type":"WebPage","@id":"https:\/\/www.pepetavilaro.cat\/es\/inicio\/politica-de-cookies\/","url":"https:\/\/www.pepetavilaro.cat\/es\/inicio\/politica-de-cookies\/","name":"POL\u00cdTICA DE COOKIES - PEPETA VILAR\u00d3","isPartOf":{"@id":"https:\/\/www.pepetavilaro.cat\/#website"},"datePublished":"2022-11-25T10:27:55+00:00","dateModified":"2025-12-05T12:48:26+00:00","breadcrumb":{"@id":"https:\/\/www.pepetavilaro.cat\/es\/inicio\/politica-de-cookies\/#breadcrumb"},"inLanguage":"es","potentialAction":[{"@type":"ReadAction","target":["https:\/\/www.pepetavilaro.cat\/es\/inicio\/politica-de-cookies\/"]}]},{"@type":"BreadcrumbList","@id":"https:\/\/www.pepetavilaro.cat\/es\/inicio\/politica-de-cookies\/#breadcrumb","itemListElement":[{"@type":"ListItem","position":1,"name":"Inici","item":"https:\/\/www.pepetavilaro.cat\/es\/"},{"@type":"ListItem","position":2,"name":"INICIO","item":"https:\/\/www.pepetavilaro.cat\/es\/"},{"@type":"ListItem","position":3,"name":"POL\u00cdTICA DE COOKIES"}]},{"@type":"WebSite","@id":"https:\/\/www.pepetavilaro.cat\/#website","url":"https:\/\/www.pepetavilaro.cat\/","name":"PEPETA VILAR\u00d3","description":"Men\u00fas adaptats a domicili","publisher":{"@id":"https:\/\/www.pepetavilaro.cat\/#organization"},"potentialAction":[{"@type":"SearchAction","target":{"@type":"EntryPoint","urlTemplate":"https:\/\/www.pepetavilaro.cat\/?s={search_term_string}"},"query-input":{"@type":"PropertyValueSpecification","valueRequired":true,"valueName":"search_term_string"}}],"inLanguage":"es"},{"@type":"Organization","@id":"https:\/\/www.pepetavilaro.cat\/#organization","name":"PEPETA VILAR\u00d3","url":"https:\/\/www.pepetavilaro.cat\/","logo":{"@type":"ImageObject","inLanguage":"es","@id":"https:\/\/www.pepetavilaro.cat\/#\/schema\/logo\/image\/","url":"https:\/\/www.pepetavilaro.cat\/wp-content\/uploads\/2022\/12\/pepeta-vilaro-logo-petit.png","contentUrl":"https:\/\/www.pepetavilaro.cat\/wp-content\/uploads\/2022\/12\/pepeta-vilaro-logo-petit.png","width":150,"height":150,"caption":"PEPETA VILAR\u00d3"},"image":{"@id":"https:\/\/www.pepetavilaro.cat\/#\/schema\/logo\/image\/"}}]}},"_links":{"self":[{"href":"https:\/\/www.pepetavilaro.cat\/es\/wp-json\/wp\/v2\/pages\/18211","targetHints":{"allow":["GET"]}}],"collection":[{"href":"https:\/\/www.pepetavilaro.cat\/es\/wp-json\/wp\/v2\/pages"}],"about":[{"href":"https:\/\/www.pepetavilaro.cat\/es\/wp-json\/wp\/v2\/types\/page"}],"author":[{"embeddable":true,"href":"https:\/\/www.pepetavilaro.cat\/es\/wp-json\/wp\/v2\/users\/1"}],"replies":[{"embeddable":true,"href":"https:\/\/www.pepetavilaro.cat\/es\/wp-json\/wp\/v2\/comments?post=18211"}],"version-history":[{"count":5,"href":"https:\/\/www.pepetavilaro.cat\/es\/wp-json\/wp\/v2\/pages\/18211\/revisions"}],"predecessor-version":[{"id":18909,"href":"https:\/\/www.pepetavilaro.cat\/es\/wp-json\/wp\/v2\/pages\/18211\/revisions\/18909"}],"up":[{"embeddable":true,"href":"https:\/\/www.pepetavilaro.cat\/es\/wp-json\/wp\/v2\/pages\/18187"}],"wp:attachment":[{"href":"https:\/\/www.pepetavilaro.cat\/es\/wp-json\/wp\/v2\/media?parent=18211"}],"curies":[{"name":"wp","href":"https:\/\/api.w.org\/{rel}","templated":true}]}}