{"id":18136,"date":"2014-05-21T07:29:30","date_gmt":"2014-05-21T05:29:30","guid":{"rendered":"https:\/\/www.pepetavilaro.cat\/?page_id=18136"},"modified":"2024-10-03T11:08:19","modified_gmt":"2024-10-03T09:08:19","slug":"nuestro-equipo","status":"publish","type":"page","link":"https:\/\/www.pepetavilaro.cat\/es\/nuestro-equipo\/","title":{"rendered":"NUESTRO EQUIPO"},"content":{"rendered":"<div class=\"wpb-content-wrapper\"><p>[vc_row css_animation=\u00bb\u00bb row_type=\u00bbrow\u00bb use_row_as_full_screen_section=\u00bbno\u00bb type=\u00bbgrid\u00bb angled_section=\u00bbno\u00bb text_align=\u00bbleft\u00bb background_image_as_pattern=\u00bbwithout_pattern\u00bb z_index=\u00bb\u00bb padding_top=\u00bb20&#8243;][vc_column][vc_column_text]<\/p>\n<p style=\"font-size: 12px; text-align: right;\"><a href=\"\/es\/\">INICIO<\/a> &gt; SOBRE NOSOTROS: NUESTRO EQUIPO<\/p>\n<p>[\/vc_column_text][\/vc_column][\/vc_row][vc_row css_animation=\u00bb\u00bb row_type=\u00bbrow\u00bb use_row_as_full_screen_section=\u00bbno\u00bb type=\u00bbgrid\u00bb angled_section=\u00bbno\u00bb text_align=\u00bbleft\u00bb background_image_as_pattern=\u00bbwithout_pattern\u00bb background_color=\u00bb#ffffff\u00bb padding_top=\u00bb50&#8243; padding_bottom=\u00bb75&#8243; z_index=\u00bb\u00bb anchor=\u00bbcontingut\u00bb][vc_column width=\u00bb1\/2&#8243;][vc_column_text]<\/p>\n<h1 style=\"text-align: left;\">NUESTRO EQUIPO<\/h1>\n<p>[\/vc_column_text][vc_separator type=\u00bbsmall\u00bb position=\u00bbleft\u00bb up=\u00bb15&#8243; down=\u00bb15&#8243; color=\u00bbb5cd39&#8243; transparency=\u00bb1&#8243; thickness=\u00bb2&#8243;][vc_empty_space height=\u00bb50&#8243;][vc_column_text]En <strong>Pepeta Vilar\u00f3<\/strong> somos un equipo de personas comprometidas y decididas desde <strong>2018<\/strong> a mejorar, mediante la alimentaci\u00f3n domiciliaria, la calidad de vida de las personas mayores, personas con movilidad reducida, dependencia, convalecencia, enfermedades cr\u00f3nicas, entre otros.<\/p>\n<p>&nbsp;<\/p>\n<p>Nuestro equipo aporta una gran experiencia a las\u00a0operaciones del d\u00eda a d\u00eda, enfoc\u00e1ndose en reforzar la capacidad de la empresa para crecer con nuestros clientes y usuarios\u00a0a la vez que ofrece mejoras continuadas y valiosas oportunidades de carrera a nuestros colaboradores.[\/vc_column_text][vc_empty_space height=\u00bb50&#8243;]<a  itemprop=\"url\" href=\"\/es\/trabaja-con-nosotros\/\" target=\"_self\" data-hover-background-color=\"#ffffff\" data-hover-border-color=\"#2c7781\" data-hover-color=\"#2c7781\" class=\"qbutton  default\" style=\"color: #ffffff; border-color: #2c7781; background-color:#2c7781;\">QUIERO FORMAR PARTE DE PEPETA VILAR\u00d3<\/a>[vc_empty_space height=\u00bb50&#8243;][\/vc_column][vc_column width=\u00bb1\/2&#8243;][vc_single_image image=\u00bb17781&#8243; img_size=\u00bbfull\u00bb qode_css_animation=\u00bb\u00bb][\/vc_column][\/vc_row][vc_row css_animation=\u00bb\u00bb row_type=\u00bbrow\u00bb use_row_as_full_screen_section=\u00bbno\u00bb type=\u00bbgrid\u00bb angled_section=\u00bbno\u00bb text_align=\u00bbleft\u00bb background_image_as_pattern=\u00bbwithout_pattern\u00bb padding_top=\u00bb0&#8243; padding_bottom=\u00bb0&#8243; background_color=\u00bb#ffffff\u00bb css=\u00bb.vc_custom_1708020810884{background-color: #fcfbf8 !important;}\u00bb z_index=\u00bb\u00bb][vc_column offset=\u00bbvc_hidden-lg vc_hidden-md vc_hidden-sm vc_hidden-xs\u00bb][vc_column_text]<\/p>\n<h2 style=\"text-align: left;\">CONOCE NUESTRA GENTE<\/h2>\n<p>[\/vc_column_text][vc_separator type=\u00bbsmall\u00bb position=\u00bbleft\u00bb up=\u00bb15&#8243; down=\u00bb15&#8243; color=\u00bbb5cd39&#8243; transparency=\u00bb1&#8243; thickness=\u00bb2&#8243;][vc_empty_space height=\u00bb50&#8243;][vc_row_inner row_type=\u00bbrow\u00bb type=\u00bbfull_width\u00bb text_align=\u00bbcenter\u00bb css_animation=\u00bb\u00bb padding_bottom=\u00bb25&#8243;][vc_column_inner width=\u00bb1\/3&#8243;][vc_single_image image=\u00bb14978&#8243; img_size=\u00bbfull\u00bb alignment=\u00bbcenter\u00bb qode_css_animation=\u00bb\u00bb][vc_separator type=\u00bbtransparent\u00bb up=\u00bb30&#8243; down=\u00bb0&#8243;][vc_column_text]<\/p>\n<h3 style=\"text-align: center;\">SEBASTI\u00c0 ROMERO<\/h3>\n<p>[\/vc_column_text][vc_separator type=\u00bbtransparent\u00bb up=\u00bb11&#8243; down=\u00bb0&#8243;][vc_column_text]<\/p>\n<p style=\"text-align: center;\"><span style=\"font-weight: 400;\">Socio fundador<br \/>\nI+D (Regenerador y Software)<\/span><\/p>\n<p>[\/vc_column_text][vc_separator type=\u00bbtransparent\u00bb up=\u00bb48&#8243; down=\u00bb0&#8243;][\/vc_column_inner][vc_column_inner width=\u00bb1\/3&#8243;][vc_single_image image=\u00bb14983&#8243; img_size=\u00bbfull\u00bb alignment=\u00bbcenter\u00bb qode_css_animation=\u00bb\u00bb][vc_separator type=\u00bbtransparent\u00bb up=\u00bb30&#8243; down=\u00bb0&#8243;][vc_column_text]<\/p>\n<h3 style=\"text-align: center;\">SANTI PONS CERD\u00c0<\/h3>\n<p>[\/vc_column_text][vc_separator type=\u00bbtransparent\u00bb up=\u00bb11&#8243; down=\u00bb0&#8243;][vc_column_text]<\/p>\n<p style=\"text-align: center;\">Socio fundador<br \/>\nDirecci\u00f3n, Comercial y Marketing<\/p>\n<p>[\/vc_column_text][vc_separator type=\u00bbtransparent\u00bb up=\u00bb48&#8243; down=\u00bb0&#8243;][\/vc_column_inner][vc_column_inner width=\u00bb1\/3&#8243;][vc_single_image image=\u00bb14978&#8243; img_size=\u00bbfull\u00bb alignment=\u00bbcenter\u00bb qode_css_animation=\u00bb\u00bb][vc_separator type=\u00bbtransparent\u00bb up=\u00bb30&#8243; down=\u00bb0&#8243;][vc_column_text]<\/p>\n<h3 style=\"text-align: center;\">JAUME BAULENAS SERRA<\/h3>\n<p>[\/vc_column_text][vc_separator type=\u00bbtransparent\u00bb up=\u00bb11&#8243; down=\u00bb0&#8243;][vc_column_text]<\/p>\n<p style=\"text-align: center;\">Socio fundador<br \/>\nCocina y I+D<\/p>\n<p>[\/vc_column_text][vc_separator type=\u00bbtransparent\u00bb up=\u00bb48&#8243; down=\u00bb0&#8243;][\/vc_column_inner][\/vc_row_inner][vc_row_inner row_type=\u00bbrow\u00bb type=\u00bbfull_width\u00bb text_align=\u00bbcenter\u00bb css_animation=\u00bb\u00bb][vc_column_inner width=\u00bb1\/3&#8243;][vc_single_image image=\u00bb14981&#8243; img_size=\u00bbfull\u00bb alignment=\u00bbcenter\u00bb qode_css_animation=\u00bb\u00bb][vc_separator type=\u00bbtransparent\u00bb up=\u00bb30&#8243; down=\u00bb0&#8243;][vc_column_text]<\/p>\n<h3 style=\"text-align: center;\">N\u00daRIA MEN\u00c9NDEZ ALONSO<\/h3>\n<p>[\/vc_column_text][vc_separator type=\u00bbtransparent\u00bb up=\u00bb11&#8243; down=\u00bb0&#8243;][vc_column_text]<\/p>\n<p style=\"text-align: center;\">Coordinadora de Zonas<br \/>\nServicio al Usuario<\/p>\n<p>[\/vc_column_text][vc_separator type=\u00bbtransparent\u00bb up=\u00bb48&#8243; down=\u00bb0&#8243;][\/vc_column_inner][vc_column_inner width=\u00bb1\/3&#8243;][vc_single_image image=\u00bb14984&#8243; img_size=\u00bbfull\u00bb alignment=\u00bbcenter\u00bb qode_css_animation=\u00bb\u00bb][vc_separator type=\u00bbtransparent\u00bb up=\u00bb30&#8243; down=\u00bb0&#8243;][vc_column_text]<\/p>\n<h3 style=\"text-align: center;\">ROSER VALLS<\/h3>\n<p>[\/vc_column_text][vc_separator type=\u00bbtransparent\u00bb up=\u00bb11&#8243; down=\u00bb0&#8243;][vc_column_text]<\/p>\n<p style=\"text-align: center;\">Coordinadora de Pepetes<br \/>\nBages y Osona<\/p>\n<p>[\/vc_column_text][vc_separator type=\u00bbtransparent\u00bb up=\u00bb48&#8243; down=\u00bb0&#8243;][\/vc_column_inner][vc_column_inner width=\u00bb1\/3&#8243;][vc_single_image image=\u00bb14981&#8243; img_size=\u00bbfull\u00bb alignment=\u00bbcenter\u00bb qode_css_animation=\u00bb\u00bb][vc_separator type=\u00bbtransparent\u00bb up=\u00bb30&#8243; down=\u00bb0&#8243;][vc_column_text]<\/p>\n<h3 style=\"text-align: center;\">BERTA MOLIST<\/h3>\n<p>[\/vc_column_text][vc_separator type=\u00bbtransparent\u00bb up=\u00bb11&#8243; down=\u00bb0&#8243;][vc_column_text]<\/p>\n<p style=\"text-align: center;\">Facturaci\u00f3n<br \/>\ny Contabilidad<\/p>\n<p>[\/vc_column_text][vc_separator type=\u00bbtransparent\u00bb up=\u00bb48&#8243; down=\u00bb0&#8243;][\/vc_column_inner][\/vc_row_inner][\/vc_column][\/vc_row][vc_row css_animation=\u00bb\u00bb row_type=\u00bbrow\u00bb use_row_as_full_screen_section=\u00bbno\u00bb type=\u00bbgrid\u00bb angled_section=\u00bbno\u00bb text_align=\u00bbleft\u00bb background_image_as_pattern=\u00bbwithout_pattern\u00bb padding_top=\u00bb0&#8243; padding_bottom=\u00bb0&#8243; background_color=\u00bb#ffffff\u00bb z_index=\u00bb\u00bb][vc_column offset=\u00bbvc_hidden-lg vc_hidden-md vc_hidden-sm vc_hidden-xs\u00bb][vc_column_text]<\/p>\n<h2 style=\"text-align: left;\">LES PEPETES<\/h2>\n<p>[\/vc_column_text][vc_separator type=\u00bbsmall\u00bb position=\u00bbleft\u00bb up=\u00bb15&#8243; down=\u00bb15&#8243; color=\u00bbb5cd39&#8243; transparency=\u00bb1&#8243; thickness=\u00bb2&#8243;][vc_empty_space height=\u00bb50&#8243;][vc_row_inner row_type=\u00bbrow\u00bb type=\u00bbfull_width\u00bb text_align=\u00bbcenter\u00bb css_animation=\u00bb\u00bb padding_bottom=\u00bb25&#8243;][vc_column_inner width=\u00bb1\/5&#8243;][vc_single_image image=\u00bb14978&#8243; img_size=\u00bbfull\u00bb alignment=\u00bbcenter\u00bb qode_css_animation=\u00bb\u00bb][vc_separator type=\u00bbtransparent\u00bb up=\u00bb30&#8243; down=\u00bb0&#8243;][vc_column_text]<\/p>\n<h3 style=\"text-align: center;\">ORIOL GASSOL<\/h3>\n<p>[\/vc_column_text][vc_empty_space height=\u00bb50px\u00bb][\/vc_column_inner][vc_column_inner width=\u00bb1\/5&#8243;][vc_single_image image=\u00bb14981&#8243; img_size=\u00bbfull\u00bb alignment=\u00bbcenter\u00bb qode_css_animation=\u00bb\u00bb][vc_separator type=\u00bbtransparent\u00bb up=\u00bb30&#8243; down=\u00bb0&#8243;][vc_column_text]<\/p>\n<h3 style=\"text-align: center;\">GEMMA JUTGLAR<\/h3>\n<p>[\/vc_column_text][vc_empty_space height=\u00bb50px\u00bb][\/vc_column_inner][vc_column_inner width=\u00bb1\/5&#8243;][vc_single_image image=\u00bb14978&#8243; img_size=\u00bbfull\u00bb alignment=\u00bbcenter\u00bb qode_css_animation=\u00bb\u00bb][vc_separator type=\u00bbtransparent\u00bb up=\u00bb30&#8243; down=\u00bb0&#8243;][vc_column_text]<\/p>\n<h3 style=\"text-align: center;\">PEPETA 3<\/h3>\n<p>[\/vc_column_text][vc_empty_space height=\u00bb50px\u00bb][\/vc_column_inner][vc_column_inner width=\u00bb1\/5&#8243;][vc_single_image image=\u00bb14981&#8243; img_size=\u00bbfull\u00bb alignment=\u00bbcenter\u00bb qode_css_animation=\u00bb\u00bb][vc_separator type=\u00bbtransparent\u00bb up=\u00bb30&#8243; down=\u00bb0&#8243;][vc_column_text]<\/p>\n<h3 style=\"text-align: center;\">PEPETA 4<\/h3>\n<p>[\/vc_column_text][vc_empty_space height=\u00bb50px\u00bb][\/vc_column_inner][vc_column_inner width=\u00bb1\/5&#8243;][vc_single_image image=\u00bb14981&#8243; img_size=\u00bbfull\u00bb alignment=\u00bbcenter\u00bb qode_css_animation=\u00bb\u00bb][vc_separator type=\u00bbtransparent\u00bb up=\u00bb30&#8243; down=\u00bb0&#8243;][vc_column_text]<\/p>\n<h3 style=\"text-align: center;\">PEPETA 5<\/h3>\n<p>[\/vc_column_text][\/vc_column_inner][\/vc_row_inner][\/vc_column][\/vc_row][vc_row css_animation=\u00bb\u00bb row_type=\u00bbrow\u00bb use_row_as_full_screen_section=\u00bbno\u00bb type=\u00bbgrid\u00bb angled_section=\u00bbno\u00bb text_align=\u00bbleft\u00bb background_image_as_pattern=\u00bbwithout_pattern\u00bb z_index=\u00bb\u00bb padding_top=\u00bb50&#8243; css=\u00bb.vc_custom_1669315138987{margin-bottom: -100px !important;background-color: #ffffff !important;}\u00bb][vc_column offset=\u00bbvc_hidden-sm vc_hidden-xs\u00bb][vc_row_inner row_type=\u00bbrow\u00bb type=\u00bbfull_width\u00bb text_align=\u00bbright\u00bb css_animation=\u00bb\u00bb css=\u00bb.vc_custom_1676653661930{margin-right: 4px !important;margin-left: 4px !important;padding-top: 50px !important;padding-right: 75px !important;padding-bottom: 50px !important;padding-left: 75px !important;background-color: #2c7781 !important;}\u00bb][vc_column_inner width=\u00bb2\/3&#8243;][vc_column_text]<\/p>\n<p style=\"text-align: left; font-size: 24px; color: #ffffff; font-weight: 600; line-height: 1.5;\">\u00a1Descubre lo f\u00e1cil que es recibir tus men\u00fas semanales con PEPETA VILAR\u00d3, listos para calentar, comer y disfrutar!<\/p>\n<p>[\/vc_column_text][\/vc_column_inner][vc_column_inner width=\u00bb1\/3&#8243;][vc_empty_space height=\u00bb10&#8243;]<a  itemprop=\"url\" href=\"\/es\/contacto\/\" target=\"_blank\" data-hover-background-color=\"#ffffff\" data-hover-border-color=\"#2c7781\" data-hover-color=\"#2c7781\" class=\"qbutton  big_large default\" style=\"color: #ffffff; border-color: #ffffff; background-color:#2c7781;\">\u00a1ME INTERESA!<\/a>[\/vc_column_inner][\/vc_row_inner][\/vc_column][\/vc_row][vc_row css_animation=\u00bb\u00bb row_type=\u00bbrow\u00bb use_row_as_full_screen_section=\u00bbno\u00bb type=\u00bbgrid\u00bb angled_section=\u00bbno\u00bb text_align=\u00bbcenter\u00bb background_image_as_pattern=\u00bbwithout_pattern\u00bb z_index=\u00bb\u00bb padding_top=\u00bb50&#8243; css=\u00bb.vc_custom_1674831971382{margin-bottom: -100px !important;background-color: #ffffff !important;}\u00bb][vc_column offset=\u00bbvc_hidden-lg vc_hidden-md\u00bb][vc_row_inner row_type=\u00bbrow\u00bb type=\u00bbfull_width\u00bb text_align=\u00bbcenter\u00bb css_animation=\u00bb\u00bb css=\u00bb.vc_custom_1676653678948{margin-right: 4px !important;margin-left: 4px !important;padding-top: 25px !important;padding-right: 25px !important;padding-bottom: 25px !important;padding-left: 25px !important;background-color: #2c7781 !important;}\u00bb][vc_column_inner width=\u00bb2\/3&#8243;][vc_column_text]<\/p>\n<p style=\"font-size: 16px; color: #ffffff; font-weight: 600; line-height: 1.5; text-align: center;\">\u00a1Descubre lo f\u00e1cil que es recibir tus men\u00fas semanales con PEPETA VILAR\u00d3, listos para calentar, comer y disfrutar!<\/p>\n<p>[\/vc_column_text][\/vc_column_inner][vc_column_inner width=\u00bb1\/3&#8243;][vc_empty_space height=\u00bb25&#8243;]<a  itemprop=\"url\" href=\"\/es\/contacto\/\" target=\"_blank\" data-hover-background-color=\"#ffffff\" data-hover-border-color=\"#2c7781\" data-hover-color=\"#2c7781\" class=\"qbutton  default\" style=\"color: #ffffff; border-color: #ffffff; background-color:#2c7781;\">\u00a1ME INTERESA!<\/a>[\/vc_column_inner][\/vc_row_inner][\/vc_column][\/vc_row][vc_row css_animation=\u00bb\u00bb row_type=\u00bbrow\u00bb use_row_as_full_screen_section=\u00bbno\u00bb type=\u00bbfull_width\u00bb angled_section=\u00bbno\u00bb text_align=\u00bbleft\u00bb background_image_as_pattern=\u00bbwithout_pattern\u00bb css=\u00bb.vc_custom_1727946495696{background-image: url(https:\/\/www.pepetavilaro.cat\/wp-content\/uploads\/2024\/10\/pepeta-vilaro-franja-separadora-fruites-logo.jpg?id=18793) !important;}\u00bb z_index=\u00bb\u00bb padding_top=\u00bb160&#8243; padding_bottom=\u00bb160&#8243;][vc_column][\/vc_column][\/vc_row]<\/p>\n<\/div>","protected":false},"excerpt":{"rendered":"<p>[vc_row css_animation=\u00bb\u00bb row_type=\u00bbrow\u00bb use_row_as_full_screen_section=\u00bbno\u00bb type=\u00bbgrid\u00bb angled_section=\u00bbno\u00bb text_align=\u00bbleft\u00bb background_image_as_pattern=\u00bbwithout_pattern\u00bb z_index=\u00bb\u00bb padding_top=\u00bb20&#8243;][vc_column][vc_column_text] INICIO &gt; SOBRE NOSOTROS: NUESTRO EQUIPO [\/vc_column_text][\/vc_column][\/vc_row][vc_row css_animation=\u00bb\u00bb row_type=\u00bbrow\u00bb use_row_as_full_screen_section=\u00bbno\u00bb type=\u00bbgrid\u00bb angled_section=\u00bbno\u00bb text_align=\u00bbleft\u00bb background_image_as_pattern=\u00bbwithout_pattern\u00bb background_color=\u00bb#ffffff\u00bb padding_top=\u00bb50&#8243; padding_bottom=\u00bb75&#8243; z_index=\u00bb\u00bb anchor=\u00bbcontingut\u00bb][vc_column width=\u00bb1\/2&#8243;][vc_column_text] NUESTRO EQUIPO [\/vc_column_text][vc_separator type=\u00bbsmall\u00bb position=\u00bbleft\u00bb up=\u00bb15&#8243; down=\u00bb15&#8243; color=\u00bbb5cd39&#8243; transparency=\u00bb1&#8243; thickness=\u00bb2&#8243;][vc_empty_space height=\u00bb50&#8243;][vc_column_text]En Pepeta Vilar\u00f3 somos un&hellip; <a class=\"continue\" href=\"https:\/\/www.pepetavilaro.cat\/es\/nuestro-equipo\/\">CONTINUAR >><span> NUESTRO EQUIPO<\/span><\/a><\/p>\n","protected":false},"author":1,"featured_media":0,"parent":0,"menu_order":0,"comment_status":"open","ping_status":"open","template":"full_width.php","meta":{"_joinchat":[],"footnotes":""},"class_list":["post-18136","page","type-page","status-publish","hentry"],"yoast_head":"<!-- This site is optimized with the Yoast SEO plugin v27.2 - https:\/\/yoast.com\/product\/yoast-seo-wordpress\/ -->\n<title>Nuestro equipo | Pepeta Vilar\u00f3<\/title>\n<meta name=\"description\" content=\"Somos un equipo de personas comprometidas y decididas a mejorar, mediante la alimentaci\u00f3n domiciliaria, la calidad de vida de quien m\u00e1s lo necesita.\" \/>\n<meta name=\"robots\" content=\"index, follow, max-snippet:-1, max-image-preview:large, max-video-preview:-1\" \/>\n<link rel=\"canonical\" href=\"https:\/\/www.pepetavilaro.cat\/es\/nuestro-equipo\/\" \/>\n<meta property=\"og:locale\" content=\"es_ES\" \/>\n<meta property=\"og:type\" content=\"article\" \/>\n<meta property=\"og:title\" content=\"Nuestro equipo | Pepeta Vilar\u00f3\" \/>\n<meta property=\"og:description\" content=\"Somos un equipo de personas comprometidas y decididas a mejorar, mediante la alimentaci\u00f3n domiciliaria, la calidad de vida de quien m\u00e1s lo necesita.\" \/>\n<meta property=\"og:url\" content=\"https:\/\/www.pepetavilaro.cat\/es\/nuestro-equipo\/\" \/>\n<meta property=\"og:site_name\" content=\"PEPETA VILAR\u00d3\" \/>\n<meta property=\"article:modified_time\" content=\"2024-10-03T09:08:19+00:00\" \/>\n<meta name=\"twitter:card\" content=\"summary_large_image\" \/>\n<meta name=\"twitter:label1\" content=\"Tiempo de lectura\" \/>\n\t<meta name=\"twitter:data1\" content=\"6 minutos\" \/>\n<script type=\"application\/ld+json\" class=\"yoast-schema-graph\">{\"@context\":\"https:\/\/schema.org\",\"@graph\":[{\"@type\":\"WebPage\",\"@id\":\"https:\/\/www.pepetavilaro.cat\/es\/nuestro-equipo\/\",\"url\":\"https:\/\/www.pepetavilaro.cat\/es\/nuestro-equipo\/\",\"name\":\"Nuestro equipo | Pepeta Vilar\u00f3\",\"isPartOf\":{\"@id\":\"https:\/\/www.pepetavilaro.cat\/#website\"},\"datePublished\":\"2014-05-21T05:29:30+00:00\",\"dateModified\":\"2024-10-03T09:08:19+00:00\",\"description\":\"Somos un equipo de personas comprometidas y decididas a mejorar, mediante la alimentaci\u00f3n domiciliaria, la calidad de vida de quien m\u00e1s lo necesita.\",\"breadcrumb\":{\"@id\":\"https:\/\/www.pepetavilaro.cat\/es\/nuestro-equipo\/#breadcrumb\"},\"inLanguage\":\"es\",\"potentialAction\":[{\"@type\":\"ReadAction\",\"target\":[\"https:\/\/www.pepetavilaro.cat\/es\/nuestro-equipo\/\"]}]},{\"@type\":\"BreadcrumbList\",\"@id\":\"https:\/\/www.pepetavilaro.cat\/es\/nuestro-equipo\/#breadcrumb\",\"itemListElement\":[{\"@type\":\"ListItem\",\"position\":1,\"name\":\"Inici\",\"item\":\"https:\/\/www.pepetavilaro.cat\/es\/\"},{\"@type\":\"ListItem\",\"position\":2,\"name\":\"NUESTRO EQUIPO\"}]},{\"@type\":\"WebSite\",\"@id\":\"https:\/\/www.pepetavilaro.cat\/#website\",\"url\":\"https:\/\/www.pepetavilaro.cat\/\",\"name\":\"PEPETA VILAR\u00d3\",\"description\":\"Men\u00fas adaptats a domicili\",\"publisher\":{\"@id\":\"https:\/\/www.pepetavilaro.cat\/#organization\"},\"potentialAction\":[{\"@type\":\"SearchAction\",\"target\":{\"@type\":\"EntryPoint\",\"urlTemplate\":\"https:\/\/www.pepetavilaro.cat\/?s={search_term_string}\"},\"query-input\":{\"@type\":\"PropertyValueSpecification\",\"valueRequired\":true,\"valueName\":\"search_term_string\"}}],\"inLanguage\":\"es\"},{\"@type\":\"Organization\",\"@id\":\"https:\/\/www.pepetavilaro.cat\/#organization\",\"name\":\"PEPETA VILAR\u00d3\",\"url\":\"https:\/\/www.pepetavilaro.cat\/\",\"logo\":{\"@type\":\"ImageObject\",\"inLanguage\":\"es\",\"@id\":\"https:\/\/www.pepetavilaro.cat\/#\/schema\/logo\/image\/\",\"url\":\"https:\/\/www.pepetavilaro.cat\/wp-content\/uploads\/2022\/12\/pepeta-vilaro-logo-petit.png\",\"contentUrl\":\"https:\/\/www.pepetavilaro.cat\/wp-content\/uploads\/2022\/12\/pepeta-vilaro-logo-petit.png\",\"width\":150,\"height\":150,\"caption\":\"PEPETA VILAR\u00d3\"},\"image\":{\"@id\":\"https:\/\/www.pepetavilaro.cat\/#\/schema\/logo\/image\/\"}}]}<\/script>\n<!-- \/ Yoast SEO plugin. -->","yoast_head_json":{"title":"Nuestro equipo | Pepeta Vilar\u00f3","description":"Somos un equipo de personas comprometidas y decididas a mejorar, mediante la alimentaci\u00f3n domiciliaria, la calidad de vida de quien m\u00e1s lo necesita.","robots":{"index":"index","follow":"follow","max-snippet":"max-snippet:-1","max-image-preview":"max-image-preview:large","max-video-preview":"max-video-preview:-1"},"canonical":"https:\/\/www.pepetavilaro.cat\/es\/nuestro-equipo\/","og_locale":"es_ES","og_type":"article","og_title":"Nuestro equipo | Pepeta Vilar\u00f3","og_description":"Somos un equipo de personas comprometidas y decididas a mejorar, mediante la alimentaci\u00f3n domiciliaria, la calidad de vida de quien m\u00e1s lo necesita.","og_url":"https:\/\/www.pepetavilaro.cat\/es\/nuestro-equipo\/","og_site_name":"PEPETA VILAR\u00d3","article_modified_time":"2024-10-03T09:08:19+00:00","twitter_card":"summary_large_image","twitter_misc":{"Tiempo de lectura":"6 minutos"},"schema":{"@context":"https:\/\/schema.org","@graph":[{"@type":"WebPage","@id":"https:\/\/www.pepetavilaro.cat\/es\/nuestro-equipo\/","url":"https:\/\/www.pepetavilaro.cat\/es\/nuestro-equipo\/","name":"Nuestro equipo | Pepeta Vilar\u00f3","isPartOf":{"@id":"https:\/\/www.pepetavilaro.cat\/#website"},"datePublished":"2014-05-21T05:29:30+00:00","dateModified":"2024-10-03T09:08:19+00:00","description":"Somos un equipo de personas comprometidas y decididas a mejorar, mediante la alimentaci\u00f3n domiciliaria, la calidad de vida de quien m\u00e1s lo necesita.","breadcrumb":{"@id":"https:\/\/www.pepetavilaro.cat\/es\/nuestro-equipo\/#breadcrumb"},"inLanguage":"es","potentialAction":[{"@type":"ReadAction","target":["https:\/\/www.pepetavilaro.cat\/es\/nuestro-equipo\/"]}]},{"@type":"BreadcrumbList","@id":"https:\/\/www.pepetavilaro.cat\/es\/nuestro-equipo\/#breadcrumb","itemListElement":[{"@type":"ListItem","position":1,"name":"Inici","item":"https:\/\/www.pepetavilaro.cat\/es\/"},{"@type":"ListItem","position":2,"name":"NUESTRO EQUIPO"}]},{"@type":"WebSite","@id":"https:\/\/www.pepetavilaro.cat\/#website","url":"https:\/\/www.pepetavilaro.cat\/","name":"PEPETA VILAR\u00d3","description":"Men\u00fas adaptats a domicili","publisher":{"@id":"https:\/\/www.pepetavilaro.cat\/#organization"},"potentialAction":[{"@type":"SearchAction","target":{"@type":"EntryPoint","urlTemplate":"https:\/\/www.pepetavilaro.cat\/?s={search_term_string}"},"query-input":{"@type":"PropertyValueSpecification","valueRequired":true,"valueName":"search_term_string"}}],"inLanguage":"es"},{"@type":"Organization","@id":"https:\/\/www.pepetavilaro.cat\/#organization","name":"PEPETA VILAR\u00d3","url":"https:\/\/www.pepetavilaro.cat\/","logo":{"@type":"ImageObject","inLanguage":"es","@id":"https:\/\/www.pepetavilaro.cat\/#\/schema\/logo\/image\/","url":"https:\/\/www.pepetavilaro.cat\/wp-content\/uploads\/2022\/12\/pepeta-vilaro-logo-petit.png","contentUrl":"https:\/\/www.pepetavilaro.cat\/wp-content\/uploads\/2022\/12\/pepeta-vilaro-logo-petit.png","width":150,"height":150,"caption":"PEPETA VILAR\u00d3"},"image":{"@id":"https:\/\/www.pepetavilaro.cat\/#\/schema\/logo\/image\/"}}]}},"_links":{"self":[{"href":"https:\/\/www.pepetavilaro.cat\/es\/wp-json\/wp\/v2\/pages\/18136","targetHints":{"allow":["GET"]}}],"collection":[{"href":"https:\/\/www.pepetavilaro.cat\/es\/wp-json\/wp\/v2\/pages"}],"about":[{"href":"https:\/\/www.pepetavilaro.cat\/es\/wp-json\/wp\/v2\/types\/page"}],"author":[{"embeddable":true,"href":"https:\/\/www.pepetavilaro.cat\/es\/wp-json\/wp\/v2\/users\/1"}],"replies":[{"embeddable":true,"href":"https:\/\/www.pepetavilaro.cat\/es\/wp-json\/wp\/v2\/comments?post=18136"}],"version-history":[{"count":5,"href":"https:\/\/www.pepetavilaro.cat\/es\/wp-json\/wp\/v2\/pages\/18136\/revisions"}],"predecessor-version":[{"id":18811,"href":"https:\/\/www.pepetavilaro.cat\/es\/wp-json\/wp\/v2\/pages\/18136\/revisions\/18811"}],"wp:attachment":[{"href":"https:\/\/www.pepetavilaro.cat\/es\/wp-json\/wp\/v2\/media?parent=18136"}],"curies":[{"name":"wp","href":"https:\/\/api.w.org\/{rel}","templated":true}]}}